{"id":1554,"date":"2025-12-16T08:18:45","date_gmt":"2025-12-16T08:18:45","guid":{"rendered":"https:\/\/mbk.k-clients.com\/your-mercedes-journey-starts-here-cz\/"},"modified":"2026-03-31T12:16:20","modified_gmt":"2026-03-31T12:16:20","slug":"your-mercedes-journey-starts-here-cz","status":"publish","type":"page","link":"https:\/\/mbk.k-clients.com\/cs\/","title":{"rendered":"Va\u0161e cesta s Mercedes-Benz za\u010d\u00edn\u00e1 zde"},"content":{"rendered":"\n<section class=\"hero-listings block\">\n\t<div class=\"container\">\n\t\t<header class=\"hero-listings__header\">\n\t\t\t<h2 class=\"hero-listings__title\">Modely Mercedes-Benz<\/h2>\n\t\t\t\t\t\t\t<p class=\"hero-listings__subtitle\">Objevte modely<\/p>\n\t\t\t\t\t<\/header>\n\n\t\t\t\t\t<div class=\"hero-listings__grid\">\n\t\t\t\t\t\t\t\t\t<article class=\"hero-listings__model\">\n\t\t\t\t\t\t\t\t\t\t\t\t\t<div class=\"hero-listings__model-image\">\n\t\t\t\t\t\t\t\t\t\t\t\t\t\t\t\t\t<img decoding=\"async\" src=\"https:\/\/mbk.k-clients.com\/wp-content\/uploads\/2026\/01\/image1-300x253.png\"\n\t\t\t\t\t\t\t\t\t     alt=\"EQE\"\n\t\t\t\t\t\t\t\t\t     loading=\"lazy\">\n\t\t\t\t\t\t\t\t\t\t\t\t\t\t\t<\/div>\n\t\t\t\t\t\t\n\t\t\t\t\t\t<div class=\"hero-listings__model-content\">\n\t\t\t\t\t\t\t<h3 class=\"hero-listings__model-name\">EQE<\/h3>\n\t\t\t\t\t\t\t<a href=\"https:\/\/mbk.k-clients.com\/cs\/search\/?model=eqe\"\n\t\t\t\t\t\t\t   class=\"hero-listings__model-link\">\n\t\t\t\t\t\t\t\tView Models\t\t\t\t\t\t\t<\/a>\n\t\t\t\t\t\t<\/div>\n\t\t\t\t\t<\/article>\n\t\t\t\t\t\t\t\t\t<article class=\"hero-listings__model\">\n\t\t\t\t\t\t\t\t\t\t\t\t\t<div class=\"hero-listings__model-image\">\n\t\t\t\t\t\t\t\t\t\t\t\t\t\t\t\t\t<img decoding=\"async\" src=\"https:\/\/mbk.k-clients.com\/wp-content\/uploads\/2026\/01\/image2-300x239.png\"\n\t\t\t\t\t\t\t\t\t     alt=\"CLA-CLASS\"\n\t\t\t\t\t\t\t\t\t     loading=\"lazy\">\n\t\t\t\t\t\t\t\t\t\t\t\t\t\t\t<\/div>\n\t\t\t\t\t\t\n\t\t\t\t\t\t<div class=\"hero-listings__model-content\">\n\t\t\t\t\t\t\t<h3 class=\"hero-listings__model-name\">CLA-CLASS<\/h3>\n\t\t\t\t\t\t\t<a href=\"https:\/\/mbk.k-clients.com\/cs\/search\/?model=cla-class\"\n\t\t\t\t\t\t\t   class=\"hero-listings__model-link\">\n\t\t\t\t\t\t\t\tView Models\t\t\t\t\t\t\t<\/a>\n\t\t\t\t\t\t<\/div>\n\t\t\t\t\t<\/article>\n\t\t\t\t\t\t\t\t\t<article class=\"hero-listings__model\">\n\t\t\t\t\t\t\t\t\t\t\t\t\t<div class=\"hero-listings__model-image\">\n\t\t\t\t\t\t\t\t\t\t\t\t\t\t\t\t\t<img decoding=\"async\" src=\"https:\/\/mbk.k-clients.com\/wp-content\/uploads\/2026\/01\/image3-300x234.png\"\n\t\t\t\t\t\t\t\t\t     alt=\"G-CLASS\"\n\t\t\t\t\t\t\t\t\t     loading=\"lazy\">\n\t\t\t\t\t\t\t\t\t\t\t\t\t\t\t<\/div>\n\t\t\t\t\t\t\n\t\t\t\t\t\t<div class=\"hero-listings__model-content\">\n\t\t\t\t\t\t\t<h3 class=\"hero-listings__model-name\">G-CLASS<\/h3>\n\t\t\t\t\t\t\t<a href=\"https:\/\/mbk.k-clients.com\/cs\/search\/?model=g-class\"\n\t\t\t\t\t\t\t   class=\"hero-listings__model-link\">\n\t\t\t\t\t\t\t\tView Models\t\t\t\t\t\t\t<\/a>\n\t\t\t\t\t\t<\/div>\n\t\t\t\t\t<\/article>\n\t\t\t\t\t\t\t\t\t<article class=\"hero-listings__model\">\n\t\t\t\t\t\t\t\t\t\t\t\t\t<div class=\"hero-listings__model-image\">\n\t\t\t\t\t\t\t\t\t\t\t\t\t\t\t\t\t<img decoding=\"async\" src=\"https:\/\/mbk.k-clients.com\/wp-content\/uploads\/2026\/01\/image4-300x220.png\"\n\t\t\t\t\t\t\t\t\t     alt=\"V-CLASS\"\n\t\t\t\t\t\t\t\t\t     loading=\"lazy\">\n\t\t\t\t\t\t\t\t\t\t\t\t\t\t\t<\/div>\n\t\t\t\t\t\t\n\t\t\t\t\t\t<div class=\"hero-listings__model-content\">\n\t\t\t\t\t\t\t<h3 class=\"hero-listings__model-name\">V-CLASS<\/h3>\n\t\t\t\t\t\t\t<a href=\"https:\/\/mbk.k-clients.com\/cs\/search\/?model=v-class\"\n\t\t\t\t\t\t\t   class=\"hero-listings__model-link\">\n\t\t\t\t\t\t\t\tView Models\t\t\t\t\t\t\t<\/a>\n\t\t\t\t\t\t<\/div>\n\t\t\t\t\t<\/article>\n\t\t\t\t\t\t\t\t\t<article class=\"hero-listings__model\">\n\t\t\t\t\t\t\t\t\t\t\t\t\t<div class=\"hero-listings__model-image\">\n\t\t\t\t\t\t\t\t\t\t\t\t\t\t\t\t\t<img decoding=\"async\" src=\"https:\/\/mbk.k-clients.com\/wp-content\/uploads\/2026\/01\/image5-286x300.png\"\n\t\t\t\t\t\t\t\t\t     alt=\"SL-CLASS\"\n\t\t\t\t\t\t\t\t\t     loading=\"lazy\">\n\t\t\t\t\t\t\t\t\t\t\t\t\t\t\t<\/div>\n\t\t\t\t\t\t\n\t\t\t\t\t\t<div class=\"hero-listings__model-content\">\n\t\t\t\t\t\t\t<h3 class=\"hero-listings__model-name\">SL-CLASS<\/h3>\n\t\t\t\t\t\t\t<a href=\"https:\/\/mbk.k-clients.com\/cs\/search\/?model=sl-class\"\n\t\t\t\t\t\t\t   class=\"hero-listings__model-link\">\n\t\t\t\t\t\t\t\tView Models\t\t\t\t\t\t\t<\/a>\n\t\t\t\t\t\t<\/div>\n\t\t\t\t\t<\/article>\n\t\t\t\t\t\t\t\t\t<article class=\"hero-listings__model\">\n\t\t\t\t\t\t\t\t\t\t\t\t\t<div class=\"hero-listings__model-image\">\n\t\t\t\t\t\t\t\t\t\t\t\t\t\t\t\t\t<img decoding=\"async\" src=\"https:\/\/mbk.k-clients.com\/wp-content\/uploads\/2026\/01\/image6-286x300.png\"\n\t\t\t\t\t\t\t\t\t     alt=\"A-CLASS\"\n\t\t\t\t\t\t\t\t\t     loading=\"lazy\">\n\t\t\t\t\t\t\t\t\t\t\t\t\t\t\t<\/div>\n\t\t\t\t\t\t\n\t\t\t\t\t\t<div class=\"hero-listings__model-content\">\n\t\t\t\t\t\t\t<h3 class=\"hero-listings__model-name\">A-CLASS<\/h3>\n\t\t\t\t\t\t\t<a href=\"https:\/\/mbk.k-clients.com\/cs\/search\/?model=a-class\"\n\t\t\t\t\t\t\t   class=\"hero-listings__model-link\">\n\t\t\t\t\t\t\t\tView Models\t\t\t\t\t\t\t<\/a>\n\t\t\t\t\t\t<\/div>\n\t\t\t\t\t<\/article>\n\t\t\t\t\t\t\t<\/div>\n\t\t\t<\/div>\n<\/section>\n\n\n<section class=\"recommendations block\">\n\t<div class=\"container\">\n\t\t<header class=\"recommendations__header\">\n\t\t\t<h2 class=\"recommendations__title\">Doporu\u010den\u00ed<\/h2>\n\t\t\t\t\t\t\t<p class=\"recommendations__subtitle\">Najd\u011bte Mercedes ide\u00e1ln\u00ed pro v\u00e1s<\/p>\n\t\t\t\t\t<\/header>\n\n\t\t\t\t\t<div class=\"recommendations__grid\">\n\t\t\t\t\t\t\t\t\t\t\t\t\t\t\t<article class=\"recommendations__banner\">\n\t\t\t\t\t\t\t\t\t\t\t\t\t\t\t<div class=\"recommendations__banner-image\">\n\t\t\t\t\t\t\t\t\t\t\t\t\t\t\t\t\t\t\t<img decoding=\"async\" src=\"https:\/\/mbk.k-clients.com\/wp-content\/uploads\/2026\/01\/sug-image-300x104.png\"\n\t\t\t\t\t\t\t\t\t\t     alt=\"Zcela nov\u00e1 elektrick\u00e1 T\u0159\u00edda G\"\n\t\t\t\t\t\t\t\t\t\t     loading=\"lazy\">\n\t\t\t\t\t\t\t\t\t\t\t\t\t\t\t\t\t<\/div>\n\t\t\t\t\t\t\t\n\t\t\t\t\t\t\t<div class=\"recommendations__banner-content\">\n\t\t\t\t\t\t\t\t\t\t\t\t\t\t\t\t\t<span class=\"recommendations__banner-subtitle\">T\u0159\u00edda G<\/span>\n\t\t\t\t\t\t\t\t\n\t\t\t\t\t\t\t\t<h3 class=\"recommendations__banner-title\">Zcela nov\u00e1 elektrick\u00e1 T\u0159\u00edda G<\/h3>\n\n\t\t\t\t\t\t\t\t\t\t\t\t\t\t\t\t\t<a href=\"http:\/\/search?model=g-class&#038;per_page=20&#038;page=1&#038;orderby=relevance\"\n\t\t\t\t\t\t\t\t\t   class=\"recommendations__banner-button\">\n\t\t\t\t\t\t\t\t\t\tProzkoumat\t\t\t\t\t\t\t\t\t<\/a>\n\t\t\t\t\t\t\t\t\t\t\t\t\t\t\t<\/div>\n\t\t\t\t\t\t<\/article>\n\t\t\t\t\t\t\t\t\t\t\t\t\t\t\t\t\t\t\t\t<article class=\"recommendations__banner\">\n\t\t\t\t\t\t\t\t\t\t\t\t\t\t\t<div class=\"recommendations__banner-image\">\n\t\t\t\t\t\t\t\t\t\t\t\t\t\t\t\t\t\t\t<img decoding=\"async\" src=\"https:\/\/mbk.k-clients.com\/wp-content\/uploads\/2026\/01\/recomm-image-211x300.png\"\n\t\t\t\t\t\t\t\t\t\t     alt=\"Nab\u00eddky\"\n\t\t\t\t\t\t\t\t\t\t     loading=\"lazy\">\n\t\t\t\t\t\t\t\t\t\t\t\t\t\t\t\t\t<\/div>\n\t\t\t\t\t\t\t\n\t\t\t\t\t\t\t<div class=\"recommendations__banner-content\">\n\t\t\t\t\t\t\t\t\t\t\t\t\t\t\t\t\t<span class=\"recommendations__banner-subtitle\">Pod\u00edvejte se na na\u0161e nejnov\u011bj\u0161\u00ed nab\u00eddky voz\u016f<\/span>\n\t\t\t\t\t\t\t\t\n\t\t\t\t\t\t\t\t<h3 class=\"recommendations__banner-title\">Nab\u00eddky<\/h3>\n\n\t\t\t\t\t\t\t\t\t\t\t\t\t\t\t\t\t<a href=\"http:\/\/search?model=g-class&#038;per_page=20&#038;page=1&#038;orderby=relevance\"\n\t\t\t\t\t\t\t\t\t   class=\"recommendations__banner-button\">\n\t\t\t\t\t\t\t\t\t\tZjistit v\u00edce\t\t\t\t\t\t\t\t\t<\/a>\n\t\t\t\t\t\t\t\t\t\t\t\t\t\t\t<\/div>\n\t\t\t\t\t\t<\/article>\n\t\t\t\t\t\t\t\t\t\t\t\t\t\t\t\t\t\t\t\t<article class=\"recommendations__banner\">\n\t\t\t\t\t\t\t\t\t\t\t\t\t\t\t<div class=\"recommendations__banner-image\">\n\t\t\t\t\t\t\t\t\t\t\t\t\t\t\t\t\t\t\t<img decoding=\"async\" src=\"https:\/\/mbk.k-clients.com\/wp-content\/uploads\/2026\/01\/rec-image2-300x199.png\"\n\t\t\t\t\t\t\t\t\t\t     alt=\"Nov\u00e1 Mercedes-Benz T\u0159\u00edda V\"\n\t\t\t\t\t\t\t\t\t\t     loading=\"lazy\">\n\t\t\t\t\t\t\t\t\t\t\t\t\t\t\t\t\t<\/div>\n\t\t\t\t\t\t\t\n\t\t\t\t\t\t\t<div class=\"recommendations__banner-content\">\n\t\t\t\t\t\t\t\t\t\t\t\t\t\t\t\t\t<span class=\"recommendations__banner-subtitle\">Nechte je h\u00e1dat<\/span>\n\t\t\t\t\t\t\t\t\n\t\t\t\t\t\t\t\t<h3 class=\"recommendations__banner-title\">Nov\u00e1 Mercedes-Benz T\u0159\u00edda V<\/h3>\n\n\t\t\t\t\t\t\t\t\t\t\t\t\t\t\t\t\t<a href=\"http:\/\/search?model=g-class&#038;per_page=20&#038;page=1&#038;orderby=relevance\"\n\t\t\t\t\t\t\t\t\t   class=\"recommendations__banner-button\">\n\t\t\t\t\t\t\t\t\t\tZjistit v\u00edce\t\t\t\t\t\t\t\t\t<\/a>\n\t\t\t\t\t\t\t\t\t\t\t\t\t\t\t<\/div>\n\t\t\t\t\t\t<\/article>\n\t\t\t\t\t\t\t\t\t\t\t\t\t\t\t\t\t\t\t\t<article class=\"recommendations__banner\">\n\t\t\t\t\t\t\t\t\t\t\t\t\t\t\t<div class=\"recommendations__banner-image\">\n\t\t\t\t\t\t\t\t\t\t\t\t\t\t\t\t\t\t\t<img decoding=\"async\" src=\"https:\/\/mbk.k-clients.com\/wp-content\/uploads\/2026\/01\/rec-image3-300x213.png\"\n\t\t\t\t\t\t\t\t\t\t     alt=\"Proto\u017ee je to Mercedes-Benz\"\n\t\t\t\t\t\t\t\t\t\t     loading=\"lazy\">\n\t\t\t\t\t\t\t\t\t\t\t\t\t\t\t\t\t<\/div>\n\t\t\t\t\t\t\t\n\t\t\t\t\t\t\t<div class=\"recommendations__banner-content\">\n\t\t\t\t\t\t\t\t\t\t\t\t\t\t\t\t\t<span class=\"recommendations__banner-subtitle\">Pod\u00edvejte se na na\u0161e nejnov\u011bj\u0161\u00ed nab\u00eddky voz\u016f<\/span>\n\t\t\t\t\t\t\t\t\n\t\t\t\t\t\t\t\t<h3 class=\"recommendations__banner-title\">Proto\u017ee je to Mercedes-Benz<\/h3>\n\n\t\t\t\t\t\t\t\t\t\t\t\t\t\t\t\t\t<a href=\"http:\/\/search?model=g-class&#038;per_page=20&#038;page=1&#038;orderby=relevance\"\n\t\t\t\t\t\t\t\t\t   class=\"recommendations__banner-button\">\n\t\t\t\t\t\t\t\t\t\tZjistit v\u00edce\t\t\t\t\t\t\t\t\t<\/a>\n\t\t\t\t\t\t\t\t\t\t\t\t\t\t\t<\/div>\n\t\t\t\t\t\t<\/article>\n\t\t\t\t\t\t\t\t\t\t\t\t<\/div>\n\t\t\t<\/div>\n<\/section>\n\n\n<section class=\"vehicles-list block\">\n\t<div class=\"container\">\n\t\t<header class=\"vehicles-list__header\">\n\t\t\t<h2 class=\"vehicles-list__title\">Nejobl\u00edben\u011bj\u0161\u00ed modely Mercedes<\/h2>\n\t\t\t\t\t\t\t<p class=\"vehicles-list__subtitle\">Nejvyhled\u00e1van\u011bj\u0161\u00ed vozy<\/p>\n\t\t\t\t\t<\/header>\n\n\t\t\t\t\t<div class=\"vehicles-list__grid\">\n\t\t\t\t\t\t\t\t\t\t\t\t\t\t\t<article class=\"vehicles-list__vehicle\">\n\t\t\t\t\t\t\t\n\t\t\t\t\t\t\t<div class=\"vehicles-list__vehicle-content\">\n\t\t\t\t\t\t\t\t<h3 class=\"vehicles-list__vehicle-title\">Mercedes-Benz C-Class<\/h3>\n\n\t\t\t\t\t\t\t\t\n\t\t\t\t\t\t\t\t<div class=\"vehicles-list__vehicle-meta\">\n\t\t\t\t\t\t\t\t\t\n\t\t\t\t\t\t\t\t\t\t\t\t\t\t\t\t\t\t\t\t\t\t\t\t\t\t<span class=\"vehicles-list__vehicle-mileage\">30,000 km<\/span>\n\t\t\t\t\t\t\t\t\t\n\t\t\t\t\t\t\t\t\t\t\t\t\t\t\t\t\t<\/div>\n\n\t\t\t\t\t\t\t\t\t\t\t\t\t\t\t\t\t<a href=\"https:\/\/mbk.k-clients.com\/vehicle\/mercedes-benz-c-class\/\"\n\t\t\t\t\t\t\t\t\t   class=\"vehicles-list__vehicle-link\">\n\t\t\t\t\t\t\t\t\t\tView Details\t\t\t\t\t\t\t\t\t<\/a>\n\t\t\t\t\t\t\t\t\t\t\t\t\t\t\t<\/div>\n\t\t\t\t\t\t<\/article>\n\t\t\t\t\t\t\t\t\t\t\t\t\t\t\t\t\t\t\t\t<article class=\"vehicles-list__vehicle\">\n\t\t\t\t\t\t\t\n\t\t\t\t\t\t\t<div class=\"vehicles-list__vehicle-content\">\n\t\t\t\t\t\t\t\t<h3 class=\"vehicles-list__vehicle-title\">mercedes benz gle 2<\/h3>\n\n\t\t\t\t\t\t\t\t\n\t\t\t\t\t\t\t\t<div class=\"vehicles-list__vehicle-meta\">\n\t\t\t\t\t\t\t\t\t\n\t\t\t\t\t\t\t\t\t\t\t\t\t\t\t\t\t\t\t\t\t\t\t\t\t\t<span class=\"vehicles-list__vehicle-mileage\">5,345 km<\/span>\n\t\t\t\t\t\t\t\t\t\n\t\t\t\t\t\t\t\t\t\t\t\t\t\t\t\t\t<\/div>\n\n\t\t\t\t\t\t\t\t\t\t\t\t\t\t\t\t\t<a href=\"https:\/\/mbk.k-clients.com\/vehicle\/mercedes-benz-gle-2-2\/\"\n\t\t\t\t\t\t\t\t\t   class=\"vehicles-list__vehicle-link\">\n\t\t\t\t\t\t\t\t\t\tView Details\t\t\t\t\t\t\t\t\t<\/a>\n\t\t\t\t\t\t\t\t\t\t\t\t\t\t\t<\/div>\n\t\t\t\t\t\t<\/article>\n\t\t\t\t\t\t\t\t\t\t\t\t\t\t\t\t\t\t\t\t<article class=\"vehicles-list__vehicle\">\n\t\t\t\t\t\t\t\n\t\t\t\t\t\t\t<div class=\"vehicles-list__vehicle-content\">\n\t\t\t\t\t\t\t\t<h3 class=\"vehicles-list__vehicle-title\">mercedes benz gle<\/h3>\n\n\t\t\t\t\t\t\t\t\n\t\t\t\t\t\t\t\t<div class=\"vehicles-list__vehicle-meta\">\n\t\t\t\t\t\t\t\t\t\n\t\t\t\t\t\t\t\t\t\t\t\t\t\t\t\t\t\t\t\t\t\t\t\t\t\t<span class=\"vehicles-list__vehicle-mileage\">534 km<\/span>\n\t\t\t\t\t\t\t\t\t\n\t\t\t\t\t\t\t\t\t\t\t\t\t\t\t\t\t<\/div>\n\n\t\t\t\t\t\t\t\t\t\t\t\t\t\t\t\t\t<a href=\"https:\/\/mbk.k-clients.com\/vehicle\/mercedes-benz-gle-2\/\"\n\t\t\t\t\t\t\t\t\t   class=\"vehicles-list__vehicle-link\">\n\t\t\t\t\t\t\t\t\t\tView Details\t\t\t\t\t\t\t\t\t<\/a>\n\t\t\t\t\t\t\t\t\t\t\t\t\t\t\t<\/div>\n\t\t\t\t\t\t<\/article>\n\t\t\t\t\t\t\t\t\t\t\t\t\t\t\t\t\t\t\t\t<article class=\"vehicles-list__vehicle\">\n\t\t\t\t\t\t\t\n\t\t\t\t\t\t\t<div class=\"vehicles-list__vehicle-content\">\n\t\t\t\t\t\t\t\t<h3 class=\"vehicles-list__vehicle-title\">mercedes benz<\/h3>\n\n\t\t\t\t\t\t\t\t\n\t\t\t\t\t\t\t\t<div class=\"vehicles-list__vehicle-meta\">\n\t\t\t\t\t\t\t\t\t\n\t\t\t\t\t\t\t\t\t\t\t\t\t\t\t\t\t\t\t\t\t\t\t\t\t\t<span class=\"vehicles-list__vehicle-mileage\">32,443 km<\/span>\n\t\t\t\t\t\t\t\t\t\n\t\t\t\t\t\t\t\t\t\t\t\t\t\t\t\t\t<\/div>\n\n\t\t\t\t\t\t\t\t\t\t\t\t\t\t\t\t\t<a href=\"https:\/\/mbk.k-clients.com\/vehicle\/mercedes-benz-2\/\"\n\t\t\t\t\t\t\t\t\t   class=\"vehicles-list__vehicle-link\">\n\t\t\t\t\t\t\t\t\t\tView Details\t\t\t\t\t\t\t\t\t<\/a>\n\t\t\t\t\t\t\t\t\t\t\t\t\t\t\t<\/div>\n\t\t\t\t\t\t<\/article>\n\t\t\t\t\t\t\t\t\t\t\t\t\t\t\t\t\t\t\t\t<article class=\"vehicles-list__vehicle\">\n\t\t\t\t\t\t\t\n\t\t\t\t\t\t\t<div class=\"vehicles-list__vehicle-content\">\n\t\t\t\t\t\t\t\t<h3 class=\"vehicles-list__vehicle-title\">MERCEDES-BENZ Sprinter 319 CDI Standard<\/h3>\n\n\t\t\t\t\t\t\t\t\n\t\t\t\t\t\t\t\t<div class=\"vehicles-list__vehicle-meta\">\n\t\t\t\t\t\t\t\t\t\n\t\t\t\t\t\t\t\t\t\t\t\t\t\t\t\t\t\t\t\t\t\t\t\t\t\t<span class=\"vehicles-list__vehicle-mileage\">100 km<\/span>\n\t\t\t\t\t\t\t\t\t\n\t\t\t\t\t\t\t\t\t\t\t\t\t\t\t\t\t<\/div>\n\n\t\t\t\t\t\t\t\t\t\t\t\t\t\t\t\t\t<a href=\"https:\/\/mbk.k-clients.com\/vehicle\/mercedes-benz-sprinter-319-cdi-standard\/\"\n\t\t\t\t\t\t\t\t\t   class=\"vehicles-list__vehicle-link\">\n\t\t\t\t\t\t\t\t\t\tView Details\t\t\t\t\t\t\t\t\t<\/a>\n\t\t\t\t\t\t\t\t\t\t\t\t\t\t\t<\/div>\n\t\t\t\t\t\t<\/article>\n\t\t\t\t\t\t\t\t\t\t\t\t\t\t\t\t\t\t\t\t<article class=\"vehicles-list__vehicle\">\n\t\t\t\t\t\t\t\n\t\t\t\t\t\t\t<div class=\"vehicles-list__vehicle-content\">\n\t\t\t\t\t\t\t\t<h3 class=\"vehicles-list__vehicle-title\">MERCEDES-BENZ G 400d 9G-Tronic<\/h3>\n\n\t\t\t\t\t\t\t\t\n\t\t\t\t\t\t\t\t<div class=\"vehicles-list__vehicle-meta\">\n\t\t\t\t\t\t\t\t\t\n\t\t\t\t\t\t\t\t\t\t\t\t\t\t\t\t\t\t\t\t\t\t\t\t\t\t<span class=\"vehicles-list__vehicle-mileage\">34,800 km<\/span>\n\t\t\t\t\t\t\t\t\t\n\t\t\t\t\t\t\t\t\t\t\t\t\t\t\t\t\t<\/div>\n\n\t\t\t\t\t\t\t\t\t\t\t\t\t\t\t\t\t<a href=\"https:\/\/mbk.k-clients.com\/vehicle\/mercedes-benz-g-400d-9g-tronic\/\"\n\t\t\t\t\t\t\t\t\t   class=\"vehicles-list__vehicle-link\">\n\t\t\t\t\t\t\t\t\t\tView Details\t\t\t\t\t\t\t\t\t<\/a>\n\t\t\t\t\t\t\t\t\t\t\t\t\t\t\t<\/div>\n\t\t\t\t\t\t<\/article>\n\t\t\t\t\t\t\t\t\t\t\t\t\t\t\t\t\t\t\t\t<article class=\"vehicles-list__vehicle\">\n\t\t\t\t\t\t\t\n\t\t\t\t\t\t\t<div class=\"vehicles-list__vehicle-content\">\n\t\t\t\t\t\t\t\t<h3 class=\"vehicles-list__vehicle-title\">MERCEDES-BENZ G 400d 9G-Tronic \u2605\u2605 Prix neuf : CHF 179&#8217;698.-\ud83d\udd2536 mois ou 100&#8217;000km garantie d\u00e8s la 1\u00e8re immat.\ud83d\udd25 Expertis\u00e9 \u2013 V\u00e9hicule Suisse \u2605\u2605<\/h3>\n\n\t\t\t\t\t\t\t\t\n\t\t\t\t\t\t\t\t<div class=\"vehicles-list__vehicle-meta\">\n\t\t\t\t\t\t\t\t\t\n\t\t\t\t\t\t\t\t\t\t\t\t\t\t\t\t\t\t\t\t\t\t\t\t\t\t<span class=\"vehicles-list__vehicle-mileage\">34,800 mi<\/span>\n\t\t\t\t\t\t\t\t\t\n\t\t\t\t\t\t\t\t\t\t\t\t\t\t\t\t\t<\/div>\n\n\t\t\t\t\t\t\t\t\t\t\t\t\t\t\t\t\t<a href=\"https:\/\/mbk.k-clients.com\/vehicle\/mercedes-benz-g-400d-9g-tronic-%e2%98%85%e2%98%85-prix-neuf-chf-179698-%f0%9f%94%a536-mois-ou-100000km-garantie-des-la-1ere-immat-%f0%9f%94%a5-expertise-vehicule-suisse-%e2%98%85\/\"\n\t\t\t\t\t\t\t\t\t   class=\"vehicles-list__vehicle-link\">\n\t\t\t\t\t\t\t\t\t\tView Details\t\t\t\t\t\t\t\t\t<\/a>\n\t\t\t\t\t\t\t\t\t\t\t\t\t\t\t<\/div>\n\t\t\t\t\t\t<\/article>\n\t\t\t\t\t\t\t\t\t\t\t\t\t\t\t\t\t\t\t\t<article class=\"vehicles-list__vehicle\">\n\t\t\t\t\t\t\t\n\t\t\t\t\t\t\t<div class=\"vehicles-list__vehicle-content\">\n\t\t\t\t\t\t\t\t<h3 class=\"vehicles-list__vehicle-title\">Mercedes-AMG GLE 53<\/h3>\n\n\t\t\t\t\t\t\t\t\n\t\t\t\t\t\t\t\t<div class=\"vehicles-list__vehicle-meta\">\n\t\t\t\t\t\t\t\t\t\n\t\t\t\t\t\t\t\t\t\t\t\t\t\t\t\t\t\t\t\t\t\t\t\t\t\t<span class=\"vehicles-list__vehicle-mileage\">22,000 km<\/span>\n\t\t\t\t\t\t\t\t\t\n\t\t\t\t\t\t\t\t\t\t\t\t\t\t\t\t\t<\/div>\n\n\t\t\t\t\t\t\t\t\t\t\t\t\t\t\t\t\t<a href=\"https:\/\/mbk.k-clients.com\/vehicle\/mercedes-amg-gle-53\/\"\n\t\t\t\t\t\t\t\t\t   class=\"vehicles-list__vehicle-link\">\n\t\t\t\t\t\t\t\t\t\tView Details\t\t\t\t\t\t\t\t\t<\/a>\n\t\t\t\t\t\t\t\t\t\t\t\t\t\t\t<\/div>\n\t\t\t\t\t\t<\/article>\n\t\t\t\t\t\t\t\t\t\t\t\t\t\t\t\t\t\t\t\t<article class=\"vehicles-list__vehicle\">\n\t\t\t\t\t\t\t\n\t\t\t\t\t\t\t<div class=\"vehicles-list__vehicle-content\">\n\t\t\t\t\t\t\t\t<h3 class=\"vehicles-list__vehicle-title\">Mercedes Benz Aurora<\/h3>\n\n\t\t\t\t\t\t\t\t\n\t\t\t\t\t\t\t\t<div class=\"vehicles-list__vehicle-meta\">\n\t\t\t\t\t\t\t\t\t\n\t\t\t\t\t\t\t\t\t\t\t\t\t\t\t\t\t\t\t\t\t\t\t\t\t\t<span class=\"vehicles-list__vehicle-mileage\">1,000 mi<\/span>\n\t\t\t\t\t\t\t\t\t\n\t\t\t\t\t\t\t\t\t\t\t\t\t\t\t\t\t<\/div>\n\n\t\t\t\t\t\t\t\t\t\t\t\t\t\t\t\t\t<a href=\"https:\/\/mbk.k-clients.com\/vehicle\/mercedes-benz-aurora\/\"\n\t\t\t\t\t\t\t\t\t   class=\"vehicles-list__vehicle-link\">\n\t\t\t\t\t\t\t\t\t\tView Details\t\t\t\t\t\t\t\t\t<\/a>\n\t\t\t\t\t\t\t\t\t\t\t\t\t\t\t<\/div>\n\t\t\t\t\t\t<\/article>\n\t\t\t\t\t\t\t\t\t\t\t\t\t\t\t\t\t\t\t\t<article class=\"vehicles-list__vehicle\">\n\t\t\t\t\t\t\t\n\t\t\t\t\t\t\t<div class=\"vehicles-list__vehicle-content\">\n\t\t\t\t\t\t\t\t<h3 class=\"vehicles-list__vehicle-title\">Stunning Mercedes-Benz E 220d AMG Line &#8211; Excellent Condition<\/h3>\n\n\t\t\t\t\t\t\t\t\n\t\t\t\t\t\t\t\t<div class=\"vehicles-list__vehicle-meta\">\n\t\t\t\t\t\t\t\t\t\n\t\t\t\t\t\t\t\t\t\t\t\t\t\t\t\t\t\t\t\t\t\t\t\t\t\t<span class=\"vehicles-list__vehicle-mileage\">145,000 km<\/span>\n\t\t\t\t\t\t\t\t\t\n\t\t\t\t\t\t\t\t\t\t\t\t\t\t\t\t\t<\/div>\n\n\t\t\t\t\t\t\t\t\t\t\t\t\t\t\t\t\t<a href=\"https:\/\/mbk.k-clients.com\/vehicle\/stunning-mercedes-benz-e-220d-amg-line-excellent-condition\/\"\n\t\t\t\t\t\t\t\t\t   class=\"vehicles-list__vehicle-link\">\n\t\t\t\t\t\t\t\t\t\tView Details\t\t\t\t\t\t\t\t\t<\/a>\n\t\t\t\t\t\t\t\t\t\t\t\t\t\t\t<\/div>\n\t\t\t\t\t\t<\/article>\n\t\t\t\t\t\t\t\t\t\t\t\t<\/div>\n\t\t\t<\/div>\n<\/section>\n\n\n<section class=\"buy-sell-section block\">\n\t<div class=\"container\">\n\t\t\t\t\t<div class=\"buy-sell-section__grid\">\n\t\t\t\t\t\t\t\t\t\t\t\t\t\t\t<article class=\"buy-sell-section__group\">\n\t\t\t\t\t\t\t<h2 class=\"buy-sell-section__group-title\">Prodat<\/h2>\n\n\t\t\t\t\t\t\t\t\t\t\t\t\t\t\t<div class=\"buy-sell-section__group-content\">\n\t\t\t\t\t\t\t\t\t<p>Jsme odhodl\u00e1ni poskytovat na\u0161im z\u00e1kazn\u00edk\u016fm v\u00fdjime\u010dn\u00fd servis<\/p>\n\t\t\t\t\t\t\t\t<\/div>\n\t\t\t\t\t\t\t\n\t\t\t\t\t\t\t\t\t\t\t\t\t\t\t<a href=\"http:\/\/sell\"\n\t\t\t\t\t\t\t\t   class=\"buy-sell-section__group-button\">\n\t\t\t\t\t\t\t\t\tZa\u010dn\u011bte\t\t\t\t\t\t\t\t<\/a>\n\t\t\t\t\t\t\t\t\t\t\t\t\t<\/article>\n\t\t\t\t\t\t\t\t\t\t\t\t\t\t\t\t\t\t\t\t<article class=\"buy-sell-section__group\">\n\t\t\t\t\t\t\t<h2 class=\"buy-sell-section__group-title\">Koupit<\/h2>\n\n\t\t\t\t\t\t\t\t\t\t\t\t\t\t\t<div class=\"buy-sell-section__group-content\">\n\t\t\t\t\t\t\t\t\t<p>Jsme odhodl\u00e1ni poskytovat na\u0161im z\u00e1kazn\u00edk\u016fm v\u00fdjime\u010dn\u00fd servis<\/p>\n\t\t\t\t\t\t\t\t<\/div>\n\t\t\t\t\t\t\t\n\t\t\t\t\t\t\t\t\t\t\t\t\t\t\t<a href=\"http:\/\/search?per_page=10&#038;page=1&#038;featured_only=true&#038;orderby=date_desc\"\n\t\t\t\t\t\t\t\t   class=\"buy-sell-section__group-button\">\n\t\t\t\t\t\t\t\t\tZa\u010dn\u011bte\t\t\t\t\t\t\t\t<\/a>\n\t\t\t\t\t\t\t\t\t\t\t\t\t<\/article>\n\t\t\t\t\t\t\t\t\t\t\t\t<\/div>\n\t\t\t<\/div>\n<\/section>\n\n\n<h3 class=\"wp-block-heading\">Kupte si sv\u00e9ho vysn\u011bn\u00e9ho Mercedesa<\/h3>\n\n\n\n<p>Objevte pr\u00e9miov\u00e1 vozidla Mercedes-Benz od ov\u011b\u0159en\u00fdch prodejc\u016f a soukrom\u00fdch prodejc\u016f Ka\u017ed\u00e9 vozidlo je pe\u010dliv\u011b zkontrolov\u00e1no a m\u00e1 podrobnou historii. Za\u010dn\u011bte prohl\u00ed\u017eet<\/p>\n\n\n\n<h3 class=\"wp-block-heading\">Kupte si sv\u00e9ho vysn\u011bn\u00e9ho Mercedesa<\/h3>\n\n\n\n<p>Objevte pr\u00e9miov\u00e1 vozidla Mercedes-Benz od ov\u011b\u0159en\u00fdch prodejc\u016f a soukrom\u00fdch prodejc\u016f Ka\u017ed\u00e9 vozidlo je pe\u010dliv\u011b zkontrolov\u00e1no a m\u00e1 podrobnou historii<\/p>\n\n\n\n<p>Za\u010dn\u011bte prohl\u00ed\u017eet<\/p>\n\n\n\n<p><\/p>\n","protected":false},"excerpt":{"rendered":"<p>Kupte si sv\u00e9ho vysn\u011bn\u00e9ho Mercedesa Objevte pr\u00e9miov\u00e1 vozidla Mercedes-Benz od ov\u011b\u0159en\u00fdch prodejc\u016f a soukrom\u00fdch prodejc\u016f Ka\u017ed\u00e9 vozidlo je pe\u010dliv\u011b zkontrolov\u00e1no a m\u00e1 podrobnou historii. Za\u010dn\u011bte prohl\u00ed\u017eet Kupte si sv\u00e9ho vysn\u011bn\u00e9ho Mercedesa Objevte pr\u00e9miov\u00e1 vozidla Mercedes-Benz od ov\u011b\u0159en\u00fdch prodejc\u016f a soukrom\u00fdch prodejc\u016f Ka\u017ed\u00e9 vozidlo je pe\u010dliv\u011b zkontrolov\u00e1no a m\u00e1 podrobnou historii Za\u010dn\u011bte prohl\u00ed\u017eet<\/p>\n","protected":false},"author":1,"featured_media":1939,"parent":0,"menu_order":0,"comment_status":"closed","ping_status":"closed","template":"","meta":{"_acf_changed":false,"footnotes":""},"class_list":["post-1554","page","type-page","status-publish","has-post-thumbnail","hentry"],"acf":[],"_links":{"self":[{"href":"https:\/\/mbk.k-clients.com\/cs\/wp-json\/wp\/v2\/pages\/1554","targetHints":{"allow":["GET"]}}],"collection":[{"href":"https:\/\/mbk.k-clients.com\/cs\/wp-json\/wp\/v2\/pages"}],"about":[{"href":"https:\/\/mbk.k-clients.com\/cs\/wp-json\/wp\/v2\/types\/page"}],"author":[{"embeddable":true,"href":"https:\/\/mbk.k-clients.com\/cs\/wp-json\/wp\/v2\/users\/1"}],"replies":[{"embeddable":true,"href":"https:\/\/mbk.k-clients.com\/cs\/wp-json\/wp\/v2\/comments?post=1554"}],"version-history":[{"count":6,"href":"https:\/\/mbk.k-clients.com\/cs\/wp-json\/wp\/v2\/pages\/1554\/revisions"}],"predecessor-version":[{"id":1796,"href":"https:\/\/mbk.k-clients.com\/cs\/wp-json\/wp\/v2\/pages\/1554\/revisions\/1796"}],"wp:featuredmedia":[{"embeddable":true,"href":"https:\/\/mbk.k-clients.com\/cs\/wp-json\/wp\/v2\/media\/1939"}],"wp:attachment":[{"href":"https:\/\/mbk.k-clients.com\/cs\/wp-json\/wp\/v2\/media?parent=1554"}],"curies":[{"name":"wp","href":"https:\/\/api.w.org\/{rel}","templated":true}]}}