{"id":1537,"date":"2025-12-16T08:18:45","date_gmt":"2025-12-16T08:18:45","guid":{"rendered":"https:\/\/mbk.k-clients.com\/your-mercedes-journey-starts-here-ro\/"},"modified":"2026-03-31T12:41:25","modified_gmt":"2026-03-31T12:41:25","slug":"your-mercedes-journey-starts-here-ro","status":"publish","type":"page","link":"https:\/\/mbk.k-clients.com\/ro\/","title":{"rendered":"C\u0103l\u0103toria ta cu Mercedes-Benz \u00eencepe aici"},"content":{"rendered":"\n<section class=\"hero-listings block\">\n\t<div class=\"container\">\n\t\t<header class=\"hero-listings__header\">\n\t\t\t<h2 class=\"hero-listings__title\">Modele Mercedes-Benz<\/h2>\n\t\t\t\t\t\t\t<p class=\"hero-listings__subtitle\">Descoper\u0103 modele<\/p>\n\t\t\t\t\t<\/header>\n\n\t\t\t\t\t<div class=\"hero-listings__grid\">\n\t\t\t\t\t\t\t\t\t<article class=\"hero-listings__model\">\n\t\t\t\t\t\t\t\t\t\t\t\t\t<div class=\"hero-listings__model-image\">\n\t\t\t\t\t\t\t\t\t\t\t\t\t\t\t\t\t<img decoding=\"async\" src=\"https:\/\/mbk.k-clients.com\/wp-content\/uploads\/2026\/01\/image1-300x253.png\"\n\t\t\t\t\t\t\t\t\t     alt=\"EQE\"\n\t\t\t\t\t\t\t\t\t     loading=\"lazy\">\n\t\t\t\t\t\t\t\t\t\t\t\t\t\t\t<\/div>\n\t\t\t\t\t\t\n\t\t\t\t\t\t<div class=\"hero-listings__model-content\">\n\t\t\t\t\t\t\t<h3 class=\"hero-listings__model-name\">EQE<\/h3>\n\t\t\t\t\t\t\t<a href=\"https:\/\/mbk.k-clients.com\/ro\/search\/?model=eqe\"\n\t\t\t\t\t\t\t   class=\"hero-listings__model-link\">\n\t\t\t\t\t\t\t\tView Models\t\t\t\t\t\t\t<\/a>\n\t\t\t\t\t\t<\/div>\n\t\t\t\t\t<\/article>\n\t\t\t\t\t\t\t\t\t<article class=\"hero-listings__model\">\n\t\t\t\t\t\t\t\t\t\t\t\t\t<div class=\"hero-listings__model-image\">\n\t\t\t\t\t\t\t\t\t\t\t\t\t\t\t\t\t<img decoding=\"async\" src=\"https:\/\/mbk.k-clients.com\/wp-content\/uploads\/2026\/01\/image2-300x239.png\"\n\t\t\t\t\t\t\t\t\t     alt=\"CLA-CLASS\"\n\t\t\t\t\t\t\t\t\t     loading=\"lazy\">\n\t\t\t\t\t\t\t\t\t\t\t\t\t\t\t<\/div>\n\t\t\t\t\t\t\n\t\t\t\t\t\t<div class=\"hero-listings__model-content\">\n\t\t\t\t\t\t\t<h3 class=\"hero-listings__model-name\">CLA-CLASS<\/h3>\n\t\t\t\t\t\t\t<a href=\"https:\/\/mbk.k-clients.com\/ro\/search\/?model=cla-class\"\n\t\t\t\t\t\t\t   class=\"hero-listings__model-link\">\n\t\t\t\t\t\t\t\tView Models\t\t\t\t\t\t\t<\/a>\n\t\t\t\t\t\t<\/div>\n\t\t\t\t\t<\/article>\n\t\t\t\t\t\t\t\t\t<article class=\"hero-listings__model\">\n\t\t\t\t\t\t\t\t\t\t\t\t\t<div class=\"hero-listings__model-image\">\n\t\t\t\t\t\t\t\t\t\t\t\t\t\t\t\t\t<img decoding=\"async\" src=\"https:\/\/mbk.k-clients.com\/wp-content\/uploads\/2026\/03\/image-1-286x300.png\"\n\t\t\t\t\t\t\t\t\t     alt=\"G-CLASS\"\n\t\t\t\t\t\t\t\t\t     loading=\"lazy\">\n\t\t\t\t\t\t\t\t\t\t\t\t\t\t\t<\/div>\n\t\t\t\t\t\t\n\t\t\t\t\t\t<div class=\"hero-listings__model-content\">\n\t\t\t\t\t\t\t<h3 class=\"hero-listings__model-name\">G-CLASS<\/h3>\n\t\t\t\t\t\t\t<a href=\"https:\/\/mbk.k-clients.com\/ro\/search\/?model=g-class\"\n\t\t\t\t\t\t\t   class=\"hero-listings__model-link\">\n\t\t\t\t\t\t\t\tView Models\t\t\t\t\t\t\t<\/a>\n\t\t\t\t\t\t<\/div>\n\t\t\t\t\t<\/article>\n\t\t\t\t\t\t\t\t\t<article class=\"hero-listings__model\">\n\t\t\t\t\t\t\t\t\t\t\t\t\t<div class=\"hero-listings__model-image\">\n\t\t\t\t\t\t\t\t\t\t\t\t\t\t\t\t\t<img decoding=\"async\" src=\"https:\/\/mbk.k-clients.com\/wp-content\/uploads\/2026\/01\/image4-300x220.png\"\n\t\t\t\t\t\t\t\t\t     alt=\"V-CLASS\"\n\t\t\t\t\t\t\t\t\t     loading=\"lazy\">\n\t\t\t\t\t\t\t\t\t\t\t\t\t\t\t<\/div>\n\t\t\t\t\t\t\n\t\t\t\t\t\t<div class=\"hero-listings__model-content\">\n\t\t\t\t\t\t\t<h3 class=\"hero-listings__model-name\">V-CLASS<\/h3>\n\t\t\t\t\t\t\t<a href=\"https:\/\/mbk.k-clients.com\/ro\/search\/?model=v-class\"\n\t\t\t\t\t\t\t   class=\"hero-listings__model-link\">\n\t\t\t\t\t\t\t\tView Models\t\t\t\t\t\t\t<\/a>\n\t\t\t\t\t\t<\/div>\n\t\t\t\t\t<\/article>\n\t\t\t\t\t\t\t\t\t<article class=\"hero-listings__model\">\n\t\t\t\t\t\t\t\t\t\t\t\t\t<div class=\"hero-listings__model-image\">\n\t\t\t\t\t\t\t\t\t\t\t\t\t\t\t\t\t<img decoding=\"async\" src=\"https:\/\/mbk.k-clients.com\/wp-content\/uploads\/2026\/01\/image5-286x300.png\"\n\t\t\t\t\t\t\t\t\t     alt=\"SL-CLASS\"\n\t\t\t\t\t\t\t\t\t     loading=\"lazy\">\n\t\t\t\t\t\t\t\t\t\t\t\t\t\t\t<\/div>\n\t\t\t\t\t\t\n\t\t\t\t\t\t<div class=\"hero-listings__model-content\">\n\t\t\t\t\t\t\t<h3 class=\"hero-listings__model-name\">SL-CLASS<\/h3>\n\t\t\t\t\t\t\t<a href=\"https:\/\/mbk.k-clients.com\/ro\/search\/?model=sl-class\"\n\t\t\t\t\t\t\t   class=\"hero-listings__model-link\">\n\t\t\t\t\t\t\t\tView Models\t\t\t\t\t\t\t<\/a>\n\t\t\t\t\t\t<\/div>\n\t\t\t\t\t<\/article>\n\t\t\t\t\t\t\t\t\t<article class=\"hero-listings__model\">\n\t\t\t\t\t\t\t\t\t\t\t\t\t<div class=\"hero-listings__model-image\">\n\t\t\t\t\t\t\t\t\t\t\t\t\t\t\t\t\t<img decoding=\"async\" src=\"https:\/\/mbk.k-clients.com\/wp-content\/uploads\/2026\/01\/image6-286x300.png\"\n\t\t\t\t\t\t\t\t\t     alt=\"A-CLASS\"\n\t\t\t\t\t\t\t\t\t     loading=\"lazy\">\n\t\t\t\t\t\t\t\t\t\t\t\t\t\t\t<\/div>\n\t\t\t\t\t\t\n\t\t\t\t\t\t<div class=\"hero-listings__model-content\">\n\t\t\t\t\t\t\t<h3 class=\"hero-listings__model-name\">A-CLASS<\/h3>\n\t\t\t\t\t\t\t<a href=\"https:\/\/mbk.k-clients.com\/ro\/search\/?model=a-class\"\n\t\t\t\t\t\t\t   class=\"hero-listings__model-link\">\n\t\t\t\t\t\t\t\tView Models\t\t\t\t\t\t\t<\/a>\n\t\t\t\t\t\t<\/div>\n\t\t\t\t\t<\/article>\n\t\t\t\t\t\t\t<\/div>\n\t\t\t<\/div>\n<\/section>\n\n\n<section class=\"recommendations block\">\n\t<div class=\"container\">\n\t\t<header class=\"recommendations__header\">\n\t\t\t<h2 class=\"recommendations__title\">Recomand\u0103ri<\/h2>\n\t\t\t\t\t\t\t<p class=\"recommendations__subtitle\">G\u0103se\u0219te Mercedes-ul care \u021bi se potrive\u0219te cel mai bine<\/p>\n\t\t\t\t\t<\/header>\n\n\t\t\t\t\t<div class=\"recommendations__grid\">\n\t\t\t\t\t\t\t\t\t\t\t\t\t\t\t<article class=\"recommendations__banner\">\n\t\t\t\t\t\t\t\t\t\t\t\t\t\t\t<div class=\"recommendations__banner-image\">\n\t\t\t\t\t\t\t\t\t\t\t\t\t\t\t\t\t\t\t<img decoding=\"async\" src=\"https:\/\/mbk.k-clients.com\/wp-content\/uploads\/2026\/01\/sug-image-300x104.png\"\n\t\t\t\t\t\t\t\t\t\t     alt=\"Noua G-Class electric\u0103\"\n\t\t\t\t\t\t\t\t\t\t     loading=\"lazy\">\n\t\t\t\t\t\t\t\t\t\t\t\t\t\t\t\t\t<\/div>\n\t\t\t\t\t\t\t\n\t\t\t\t\t\t\t<div class=\"recommendations__banner-content\">\n\t\t\t\t\t\t\t\t\t\t\t\t\t\t\t\t\t<span class=\"recommendations__banner-subtitle\">Clasele G<\/span>\n\t\t\t\t\t\t\t\t\n\t\t\t\t\t\t\t\t<h3 class=\"recommendations__banner-title\">Noua G-Class electric\u0103<\/h3>\n\n\t\t\t\t\t\t\t\t\t\t\t\t\t\t\t\t\t<a href=\"http:\/\/search?model=g-class&#038;per_page=20&#038;page=1&#038;orderby=relevance\"\n\t\t\t\t\t\t\t\t\t   class=\"recommendations__banner-button\">\n\t\t\t\t\t\t\t\t\t\tDescoper\u0103\t\t\t\t\t\t\t\t\t<\/a>\n\t\t\t\t\t\t\t\t\t\t\t\t\t\t\t<\/div>\n\t\t\t\t\t\t<\/article>\n\t\t\t\t\t\t\t\t\t\t\t\t\t\t\t\t\t\t\t\t<article class=\"recommendations__banner\">\n\t\t\t\t\t\t\t\t\t\t\t\t\t\t\t<div class=\"recommendations__banner-image\">\n\t\t\t\t\t\t\t\t\t\t\t\t\t\t\t\t\t\t\t<img decoding=\"async\" src=\"https:\/\/mbk.k-clients.com\/wp-content\/uploads\/2026\/01\/recomm-image-211x300.png\"\n\t\t\t\t\t\t\t\t\t\t     alt=\"Oferte\"\n\t\t\t\t\t\t\t\t\t\t     loading=\"lazy\">\n\t\t\t\t\t\t\t\t\t\t\t\t\t\t\t\t\t<\/div>\n\t\t\t\t\t\t\t\n\t\t\t\t\t\t\t<div class=\"recommendations__banner-content\">\n\t\t\t\t\t\t\t\t\t\t\t\t\t\t\t\t\t<span class=\"recommendations__banner-subtitle\">Vezi cele mai recente oferte de vehicule<\/span>\n\t\t\t\t\t\t\t\t\n\t\t\t\t\t\t\t\t<h3 class=\"recommendations__banner-title\">Oferte<\/h3>\n\n\t\t\t\t\t\t\t\t\t\t\t\t\t\t\t\t\t<a href=\"http:\/\/search?model=g-class&#038;per_page=20&#038;page=1&#038;orderby=relevance\"\n\t\t\t\t\t\t\t\t\t   class=\"recommendations__banner-button\">\n\t\t\t\t\t\t\t\t\t\tAfl\u0103 mai multe\t\t\t\t\t\t\t\t\t<\/a>\n\t\t\t\t\t\t\t\t\t\t\t\t\t\t\t<\/div>\n\t\t\t\t\t\t<\/article>\n\t\t\t\t\t\t\t\t\t\t\t\t\t\t\t\t\t\t\t\t<article class=\"recommendations__banner\">\n\t\t\t\t\t\t\t\t\t\t\t\t\t\t\t<div class=\"recommendations__banner-image\">\n\t\t\t\t\t\t\t\t\t\t\t\t\t\t\t\t\t\t\t<img decoding=\"async\" src=\"https:\/\/mbk.k-clients.com\/wp-content\/uploads\/2026\/01\/rec-image2-300x199.png\"\n\t\t\t\t\t\t\t\t\t\t     alt=\"Noua Mercedes-Benz V-Class\"\n\t\t\t\t\t\t\t\t\t\t     loading=\"lazy\">\n\t\t\t\t\t\t\t\t\t\t\t\t\t\t\t\t\t<\/div>\n\t\t\t\t\t\t\t\n\t\t\t\t\t\t\t<div class=\"recommendations__banner-content\">\n\t\t\t\t\t\t\t\t\t\t\t\t\t\t\t\t\t<span class=\"recommendations__banner-subtitle\">P\u0103streaz\u0103 misterul<\/span>\n\t\t\t\t\t\t\t\t\n\t\t\t\t\t\t\t\t<h3 class=\"recommendations__banner-title\">Noua Mercedes-Benz V-Class<\/h3>\n\n\t\t\t\t\t\t\t\t\t\t\t\t\t\t\t\t\t<a href=\"http:\/\/search?model=g-class&#038;per_page=20&#038;page=1&#038;orderby=relevance\"\n\t\t\t\t\t\t\t\t\t   class=\"recommendations__banner-button\">\n\t\t\t\t\t\t\t\t\t\tAfl\u0103 mai multe\t\t\t\t\t\t\t\t\t<\/a>\n\t\t\t\t\t\t\t\t\t\t\t\t\t\t\t<\/div>\n\t\t\t\t\t\t<\/article>\n\t\t\t\t\t\t\t\t\t\t\t\t\t\t\t\t\t\t\t\t<article class=\"recommendations__banner\">\n\t\t\t\t\t\t\t\t\t\t\t\t\t\t\t<div class=\"recommendations__banner-image\">\n\t\t\t\t\t\t\t\t\t\t\t\t\t\t\t\t\t\t\t<img decoding=\"async\" src=\"https:\/\/mbk.k-clients.com\/wp-content\/uploads\/2026\/01\/rec-image3-300x213.png\"\n\t\t\t\t\t\t\t\t\t\t     alt=\"Pentru c\u0103 este Mercedes-Benz\"\n\t\t\t\t\t\t\t\t\t\t     loading=\"lazy\">\n\t\t\t\t\t\t\t\t\t\t\t\t\t\t\t\t\t<\/div>\n\t\t\t\t\t\t\t\n\t\t\t\t\t\t\t<div class=\"recommendations__banner-content\">\n\t\t\t\t\t\t\t\t\t\t\t\t\t\t\t\t\t<span class=\"recommendations__banner-subtitle\">Vezi cele mai recente oferte de vehicule<\/span>\n\t\t\t\t\t\t\t\t\n\t\t\t\t\t\t\t\t<h3 class=\"recommendations__banner-title\">Pentru c\u0103 este Mercedes-Benz<\/h3>\n\n\t\t\t\t\t\t\t\t\t\t\t\t\t\t\t\t\t<a href=\"http:\/\/search?model=g-class&#038;per_page=20&#038;page=1&#038;orderby=relevance\"\n\t\t\t\t\t\t\t\t\t   class=\"recommendations__banner-button\">\n\t\t\t\t\t\t\t\t\t\tAfl\u0103 mai multe\t\t\t\t\t\t\t\t\t<\/a>\n\t\t\t\t\t\t\t\t\t\t\t\t\t\t\t<\/div>\n\t\t\t\t\t\t<\/article>\n\t\t\t\t\t\t\t\t\t\t\t\t<\/div>\n\t\t\t<\/div>\n<\/section>\n\n\n<section class=\"vehicles-list block\">\n\t<div class=\"container\">\n\t\t<header class=\"vehicles-list__header\">\n\t\t\t<h2 class=\"vehicles-list__title\">Cele mai populare Mercedes<\/h2>\n\t\t\t\t\t\t\t<p class=\"vehicles-list__subtitle\">Cele mai c\u0103utate ma\u0219ini<\/p>\n\t\t\t\t\t<\/header>\n\n\t\t\t\t\t<div class=\"vehicles-list__grid\">\n\t\t\t\t\t\t\t\t\t\t\t\t\t\t\t<article class=\"vehicles-list__vehicle\">\n\t\t\t\t\t\t\t\n\t\t\t\t\t\t\t<div class=\"vehicles-list__vehicle-content\">\n\t\t\t\t\t\t\t\t<h3 class=\"vehicles-list__vehicle-title\">MERCEDES-BENZ Sprinter 319 CDI Standard<\/h3>\n\n\t\t\t\t\t\t\t\t\n\t\t\t\t\t\t\t\t<div class=\"vehicles-list__vehicle-meta\">\n\t\t\t\t\t\t\t\t\t\n\t\t\t\t\t\t\t\t\t\t\t\t\t\t\t\t\t\t\t\t\t\t\t\t\t\t<span class=\"vehicles-list__vehicle-mileage\">100 km<\/span>\n\t\t\t\t\t\t\t\t\t\n\t\t\t\t\t\t\t\t\t\t\t\t\t\t\t\t\t<\/div>\n\n\t\t\t\t\t\t\t\t\t\t\t\t\t\t\t\t\t<a href=\"https:\/\/mbk.k-clients.com\/vehicle\/mercedes-benz-sprinter-319-cdi-standard\/\"\n\t\t\t\t\t\t\t\t\t   class=\"vehicles-list__vehicle-link\">\n\t\t\t\t\t\t\t\t\t\tView Details\t\t\t\t\t\t\t\t\t<\/a>\n\t\t\t\t\t\t\t\t\t\t\t\t\t\t\t<\/div>\n\t\t\t\t\t\t<\/article>\n\t\t\t\t\t\t\t\t\t\t\t\t\t\t\t\t\t\t\t\t<article class=\"vehicles-list__vehicle\">\n\t\t\t\t\t\t\t\n\t\t\t\t\t\t\t<div class=\"vehicles-list__vehicle-content\">\n\t\t\t\t\t\t\t\t<h3 class=\"vehicles-list__vehicle-title\">MERCEDES-BENZ G 400d 9G-Tronic<\/h3>\n\n\t\t\t\t\t\t\t\t\n\t\t\t\t\t\t\t\t<div class=\"vehicles-list__vehicle-meta\">\n\t\t\t\t\t\t\t\t\t\n\t\t\t\t\t\t\t\t\t\t\t\t\t\t\t\t\t\t\t\t\t\t\t\t\t\t<span class=\"vehicles-list__vehicle-mileage\">34,800 km<\/span>\n\t\t\t\t\t\t\t\t\t\n\t\t\t\t\t\t\t\t\t\t\t\t\t\t\t\t\t<\/div>\n\n\t\t\t\t\t\t\t\t\t\t\t\t\t\t\t\t\t<a href=\"https:\/\/mbk.k-clients.com\/vehicle\/mercedes-benz-g-400d-9g-tronic\/\"\n\t\t\t\t\t\t\t\t\t   class=\"vehicles-list__vehicle-link\">\n\t\t\t\t\t\t\t\t\t\tView Details\t\t\t\t\t\t\t\t\t<\/a>\n\t\t\t\t\t\t\t\t\t\t\t\t\t\t\t<\/div>\n\t\t\t\t\t\t<\/article>\n\t\t\t\t\t\t\t\t\t\t\t\t\t\t\t\t\t\t\t\t<article class=\"vehicles-list__vehicle\">\n\t\t\t\t\t\t\t\n\t\t\t\t\t\t\t<div class=\"vehicles-list__vehicle-content\">\n\t\t\t\t\t\t\t\t<h3 class=\"vehicles-list__vehicle-title\">MERCEDES-BENZ G 400d 9G-Tronic \u2605\u2605 Prix neuf : CHF 179&#8217;698.-\ud83d\udd2536 mois ou 100&#8217;000km garantie d\u00e8s la 1\u00e8re immat.\ud83d\udd25 Expertis\u00e9 \u2013 V\u00e9hicule Suisse \u2605\u2605<\/h3>\n\n\t\t\t\t\t\t\t\t\n\t\t\t\t\t\t\t\t<div class=\"vehicles-list__vehicle-meta\">\n\t\t\t\t\t\t\t\t\t\n\t\t\t\t\t\t\t\t\t\t\t\t\t\t\t\t\t\t\t\t\t\t\t\t\t\t<span class=\"vehicles-list__vehicle-mileage\">34,800 mi<\/span>\n\t\t\t\t\t\t\t\t\t\n\t\t\t\t\t\t\t\t\t\t\t\t\t\t\t\t\t<\/div>\n\n\t\t\t\t\t\t\t\t\t\t\t\t\t\t\t\t\t<a href=\"https:\/\/mbk.k-clients.com\/vehicle\/mercedes-benz-g-400d-9g-tronic-%e2%98%85%e2%98%85-prix-neuf-chf-179698-%f0%9f%94%a536-mois-ou-100000km-garantie-des-la-1ere-immat-%f0%9f%94%a5-expertise-vehicule-suisse-%e2%98%85\/\"\n\t\t\t\t\t\t\t\t\t   class=\"vehicles-list__vehicle-link\">\n\t\t\t\t\t\t\t\t\t\tView Details\t\t\t\t\t\t\t\t\t<\/a>\n\t\t\t\t\t\t\t\t\t\t\t\t\t\t\t<\/div>\n\t\t\t\t\t\t<\/article>\n\t\t\t\t\t\t\t\t\t\t\t\t\t\t\t\t\t\t\t\t<article class=\"vehicles-list__vehicle\">\n\t\t\t\t\t\t\t\n\t\t\t\t\t\t\t<div class=\"vehicles-list__vehicle-content\">\n\t\t\t\t\t\t\t\t<h3 class=\"vehicles-list__vehicle-title\">Mercedes-AMG GLE 53<\/h3>\n\n\t\t\t\t\t\t\t\t\n\t\t\t\t\t\t\t\t<div class=\"vehicles-list__vehicle-meta\">\n\t\t\t\t\t\t\t\t\t\n\t\t\t\t\t\t\t\t\t\t\t\t\t\t\t\t\t\t\t\t\t\t\t\t\t\t<span class=\"vehicles-list__vehicle-mileage\">22,000 km<\/span>\n\t\t\t\t\t\t\t\t\t\n\t\t\t\t\t\t\t\t\t\t\t\t\t\t\t\t\t<\/div>\n\n\t\t\t\t\t\t\t\t\t\t\t\t\t\t\t\t\t<a href=\"https:\/\/mbk.k-clients.com\/vehicle\/mercedes-amg-gle-53\/\"\n\t\t\t\t\t\t\t\t\t   class=\"vehicles-list__vehicle-link\">\n\t\t\t\t\t\t\t\t\t\tView Details\t\t\t\t\t\t\t\t\t<\/a>\n\t\t\t\t\t\t\t\t\t\t\t\t\t\t\t<\/div>\n\t\t\t\t\t\t<\/article>\n\t\t\t\t\t\t\t\t\t\t\t\t\t\t\t\t\t\t\t\t<article class=\"vehicles-list__vehicle\">\n\t\t\t\t\t\t\t\n\t\t\t\t\t\t\t<div class=\"vehicles-list__vehicle-content\">\n\t\t\t\t\t\t\t\t<h3 class=\"vehicles-list__vehicle-title\">Mercedes Benz Aurora<\/h3>\n\n\t\t\t\t\t\t\t\t\n\t\t\t\t\t\t\t\t<div class=\"vehicles-list__vehicle-meta\">\n\t\t\t\t\t\t\t\t\t\n\t\t\t\t\t\t\t\t\t\t\t\t\t\t\t\t\t\t\t\t\t\t\t\t\t\t<span class=\"vehicles-list__vehicle-mileage\">1,000 mi<\/span>\n\t\t\t\t\t\t\t\t\t\n\t\t\t\t\t\t\t\t\t\t\t\t\t\t\t\t\t<\/div>\n\n\t\t\t\t\t\t\t\t\t\t\t\t\t\t\t\t\t<a href=\"https:\/\/mbk.k-clients.com\/vehicle\/mercedes-benz-aurora\/\"\n\t\t\t\t\t\t\t\t\t   class=\"vehicles-list__vehicle-link\">\n\t\t\t\t\t\t\t\t\t\tView Details\t\t\t\t\t\t\t\t\t<\/a>\n\t\t\t\t\t\t\t\t\t\t\t\t\t\t\t<\/div>\n\t\t\t\t\t\t<\/article>\n\t\t\t\t\t\t\t\t\t\t\t\t\t\t\t\t\t\t\t\t<article class=\"vehicles-list__vehicle\">\n\t\t\t\t\t\t\t\n\t\t\t\t\t\t\t<div class=\"vehicles-list__vehicle-content\">\n\t\t\t\t\t\t\t\t<h3 class=\"vehicles-list__vehicle-title\">Stunning Mercedes-Benz E 220d AMG Line &#8211; Excellent Condition<\/h3>\n\n\t\t\t\t\t\t\t\t\n\t\t\t\t\t\t\t\t<div class=\"vehicles-list__vehicle-meta\">\n\t\t\t\t\t\t\t\t\t\n\t\t\t\t\t\t\t\t\t\t\t\t\t\t\t\t\t\t\t\t\t\t\t\t\t\t<span class=\"vehicles-list__vehicle-mileage\">145,000 km<\/span>\n\t\t\t\t\t\t\t\t\t\n\t\t\t\t\t\t\t\t\t\t\t\t\t\t\t\t\t<\/div>\n\n\t\t\t\t\t\t\t\t\t\t\t\t\t\t\t\t\t<a href=\"https:\/\/mbk.k-clients.com\/vehicle\/stunning-mercedes-benz-e-220d-amg-line-excellent-condition\/\"\n\t\t\t\t\t\t\t\t\t   class=\"vehicles-list__vehicle-link\">\n\t\t\t\t\t\t\t\t\t\tView Details\t\t\t\t\t\t\t\t\t<\/a>\n\t\t\t\t\t\t\t\t\t\t\t\t\t\t\t<\/div>\n\t\t\t\t\t\t<\/article>\n\t\t\t\t\t\t\t\t\t\t\t\t\t\t\t\t\t\t\t\t<article class=\"vehicles-list__vehicle\">\n\t\t\t\t\t\t\t\n\t\t\t\t\t\t\t<div class=\"vehicles-list__vehicle-content\">\n\t\t\t\t\t\t\t\t<h3 class=\"vehicles-list__vehicle-title\">Mercedes E220<\/h3>\n\n\t\t\t\t\t\t\t\t\n\t\t\t\t\t\t\t\t<div class=\"vehicles-list__vehicle-meta\">\n\t\t\t\t\t\t\t\t\t\n\t\t\t\t\t\t\t\t\t\t\t\t\t\t\t\t\t\t\t\t\t\t\t\t\t\t<span class=\"vehicles-list__vehicle-mileage\">123,123 km<\/span>\n\t\t\t\t\t\t\t\t\t\n\t\t\t\t\t\t\t\t\t\t\t\t\t\t\t\t\t<\/div>\n\n\t\t\t\t\t\t\t\t\t\t\t\t\t\t\t\t\t<a href=\"https:\/\/mbk.k-clients.com\/vehicle\/mercedes-e220-2\/\"\n\t\t\t\t\t\t\t\t\t   class=\"vehicles-list__vehicle-link\">\n\t\t\t\t\t\t\t\t\t\tView Details\t\t\t\t\t\t\t\t\t<\/a>\n\t\t\t\t\t\t\t\t\t\t\t\t\t\t\t<\/div>\n\t\t\t\t\t\t<\/article>\n\t\t\t\t\t\t\t\t\t\t\t\t\t\t\t\t\t\t\t\t<article class=\"vehicles-list__vehicle\">\n\t\t\t\t\t\t\t\n\t\t\t\t\t\t\t<div class=\"vehicles-list__vehicle-content\">\n\t\t\t\t\t\t\t\t<h3 class=\"vehicles-list__vehicle-title\">Mercedes S400d L<\/h3>\n\n\t\t\t\t\t\t\t\t\n\t\t\t\t\t\t\t\t<div class=\"vehicles-list__vehicle-meta\">\n\t\t\t\t\t\t\t\t\t\n\t\t\t\t\t\t\t\t\t\t\t\t\t\t\t\t\t\t\t\t\t\t\t\t\t\t<span class=\"vehicles-list__vehicle-mileage\">100,000 km<\/span>\n\t\t\t\t\t\t\t\t\t\n\t\t\t\t\t\t\t\t\t\t\t\t\t\t\t\t\t<\/div>\n\n\t\t\t\t\t\t\t\t\t\t\t\t\t\t\t\t\t<a href=\"https:\/\/mbk.k-clients.com\/vehicle\/mercedes-s400d-l\/\"\n\t\t\t\t\t\t\t\t\t   class=\"vehicles-list__vehicle-link\">\n\t\t\t\t\t\t\t\t\t\tView Details\t\t\t\t\t\t\t\t\t<\/a>\n\t\t\t\t\t\t\t\t\t\t\t\t\t\t\t<\/div>\n\t\t\t\t\t\t<\/article>\n\t\t\t\t\t\t\t\t\t\t\t\t\t\t\t\t\t\t\t\t<article class=\"vehicles-list__vehicle\">\n\t\t\t\t\t\t\t\n\t\t\t\t\t\t\t<div class=\"vehicles-list__vehicle-content\">\n\t\t\t\t\t\t\t\t<h3 class=\"vehicles-list__vehicle-title\">Mercedes Benz GLE<\/h3>\n\n\t\t\t\t\t\t\t\t\n\t\t\t\t\t\t\t\t<div class=\"vehicles-list__vehicle-meta\">\n\t\t\t\t\t\t\t\t\t\n\t\t\t\t\t\t\t\t\t\t\t\t\t\t\t\t\t\t\t\t\t\t\t\t\t\t<span class=\"vehicles-list__vehicle-mileage\">2,333 km<\/span>\n\t\t\t\t\t\t\t\t\t\n\t\t\t\t\t\t\t\t\t\t\t\t\t\t\t\t\t<\/div>\n\n\t\t\t\t\t\t\t\t\t\t\t\t\t\t\t\t\t<a href=\"https:\/\/mbk.k-clients.com\/vehicle\/mercedes-benz-gle\/\"\n\t\t\t\t\t\t\t\t\t   class=\"vehicles-list__vehicle-link\">\n\t\t\t\t\t\t\t\t\t\tView Details\t\t\t\t\t\t\t\t\t<\/a>\n\t\t\t\t\t\t\t\t\t\t\t\t\t\t\t<\/div>\n\t\t\t\t\t\t<\/article>\n\t\t\t\t\t\t\t\t\t\t\t\t\t\t\t\t\t\t\t\t<article class=\"vehicles-list__vehicle\">\n\t\t\t\t\t\t\t\n\t\t\t\t\t\t\t<div class=\"vehicles-list__vehicle-content\">\n\t\t\t\t\t\t\t\t<h3 class=\"vehicles-list__vehicle-title\">Mercedes Benz<\/h3>\n\n\t\t\t\t\t\t\t\t\n\t\t\t\t\t\t\t\t<div class=\"vehicles-list__vehicle-meta\">\n\t\t\t\t\t\t\t\t\t\n\t\t\t\t\t\t\t\t\t\t\t\t\t\t\t\t\t\t\t\t\t\t\t\t\t\t<span class=\"vehicles-list__vehicle-mileage\">4,000 km<\/span>\n\t\t\t\t\t\t\t\t\t\n\t\t\t\t\t\t\t\t\t\t\t\t\t\t\t\t\t<\/div>\n\n\t\t\t\t\t\t\t\t\t\t\t\t\t\t\t\t\t<a href=\"https:\/\/mbk.k-clients.com\/vehicle\/mercedes-benz\/\"\n\t\t\t\t\t\t\t\t\t   class=\"vehicles-list__vehicle-link\">\n\t\t\t\t\t\t\t\t\t\tView Details\t\t\t\t\t\t\t\t\t<\/a>\n\t\t\t\t\t\t\t\t\t\t\t\t\t\t\t<\/div>\n\t\t\t\t\t\t<\/article>\n\t\t\t\t\t\t\t\t\t\t\t\t<\/div>\n\t\t\t<\/div>\n<\/section>\n\n\n<section class=\"buy-sell-section block\">\n\t<div class=\"container\">\n\t\t\t\t\t<div class=\"buy-sell-section__grid\">\n\t\t\t\t\t\t\t\t\t\t\t\t\t\t\t<article class=\"buy-sell-section__group\">\n\t\t\t\t\t\t\t<h2 class=\"buy-sell-section__group-title\">Vinde<\/h2>\n\n\t\t\t\t\t\t\t\t\t\t\t\t\t\t\t<div class=\"buy-sell-section__group-content\">\n\t\t\t\t\t\t\t\t\t<p>Ne angaj\u0103m s\u0103 oferim clien\u021bilor no\u0219tri servicii de excep\u021bie<\/p>\n\t\t\t\t\t\t\t\t<\/div>\n\t\t\t\t\t\t\t\n\t\t\t\t\t\t\t\t\t\t\t\t\t\t\t<a href=\"http:\/\/sell\"\n\t\t\t\t\t\t\t\t   class=\"buy-sell-section__group-button\">\n\t\t\t\t\t\t\t\t\t\u00cencepe\t\t\t\t\t\t\t\t<\/a>\n\t\t\t\t\t\t\t\t\t\t\t\t\t<\/article>\n\t\t\t\t\t\t\t\t\t\t\t\t\t\t\t\t\t\t\t\t<article class=\"buy-sell-section__group\">\n\t\t\t\t\t\t\t<h2 class=\"buy-sell-section__group-title\">Cump\u0103r\u0103<\/h2>\n\n\t\t\t\t\t\t\t\t\t\t\t\t\t\t\t<div class=\"buy-sell-section__group-content\">\n\t\t\t\t\t\t\t\t\t<p>Ne angaj\u0103m s\u0103 oferim clien\u021bilor no\u0219tri servicii de excep\u021bie<\/p>\n\t\t\t\t\t\t\t\t<\/div>\n\t\t\t\t\t\t\t\n\t\t\t\t\t\t\t\t\t\t\t\t\t\t\t<a href=\"http:\/\/search?per_page=10&#038;page=1&#038;featured_only=true&#038;orderby=date_desc\"\n\t\t\t\t\t\t\t\t   class=\"buy-sell-section__group-button\">\n\t\t\t\t\t\t\t\t\t\u00cencepe\t\t\t\t\t\t\t\t<\/a>\n\t\t\t\t\t\t\t\t\t\t\t\t\t<\/article>\n\t\t\t\t\t\t\t\t\t\t\t\t<\/div>\n\t\t\t<\/div>\n<\/section>\n\n\n<h3 class=\"wp-block-heading\">Cump\u0103r\u0103 Mercedes-ul visurilor tale<\/h3>\n\n\n\n<p>Descoper\u0103 vehicule premium Mercedes-Benz de la dealeri verifica\u021bi \u0219i v\u00e2nz\u0103tori priva\u021bi Fiecare vehicul este verificat \u00een detaliu \u0219i are istoric complet. \u00cencepe cump\u0103r\u0103turile<\/p>\n\n\n\n<h3 class=\"wp-block-heading\">Cump\u0103r\u0103 Mercedes-ul visurilor tale<\/h3>\n\n\n\n<p>Descoper\u0103 vehicule premium Mercedes-Benz de la dealeri verifica\u021bi \u0219i v\u00e2nz\u0103tori priva\u021bi Fiecare vehicul este verificat \u00een detaliu \u0219i are istoric complet<\/p>\n\n\n\n<p>\u00cencepe cump\u0103r\u0103turile<\/p>\n\n\n\n<p><\/p>\n","protected":false},"excerpt":{"rendered":"<p>Cump\u0103r\u0103 Mercedes-ul visurilor tale Descoper\u0103 vehicule premium Mercedes-Benz de la dealeri verifica\u021bi \u0219i v\u00e2nz\u0103tori priva\u021bi Fiecare vehicul este verificat \u00een detaliu \u0219i are istoric complet. \u00cencepe cump\u0103r\u0103turile Cump\u0103r\u0103 Mercedes-ul visurilor tale Descoper\u0103 vehicule premium Mercedes-Benz de la dealeri verifica\u021bi \u0219i v\u00e2nz\u0103tori priva\u021bi Fiecare vehicul este verificat \u00een detaliu \u0219i are istoric complet \u00cencepe cump\u0103r\u0103turile<\/p>\n","protected":false},"author":1,"featured_media":1938,"parent":0,"menu_order":0,"comment_status":"closed","ping_status":"closed","template":"","meta":{"_acf_changed":false,"footnotes":""},"class_list":["post-1537","page","type-page","status-publish","has-post-thumbnail","hentry"],"acf":[],"_links":{"self":[{"href":"https:\/\/mbk.k-clients.com\/ro\/wp-json\/wp\/v2\/pages\/1537","targetHints":{"allow":["GET"]}}],"collection":[{"href":"https:\/\/mbk.k-clients.com\/ro\/wp-json\/wp\/v2\/pages"}],"about":[{"href":"https:\/\/mbk.k-clients.com\/ro\/wp-json\/wp\/v2\/types\/page"}],"author":[{"embeddable":true,"href":"https:\/\/mbk.k-clients.com\/ro\/wp-json\/wp\/v2\/users\/1"}],"replies":[{"embeddable":true,"href":"https:\/\/mbk.k-clients.com\/ro\/wp-json\/wp\/v2\/comments?post=1537"}],"version-history":[{"count":6,"href":"https:\/\/mbk.k-clients.com\/ro\/wp-json\/wp\/v2\/pages\/1537\/revisions"}],"predecessor-version":[{"id":1813,"href":"https:\/\/mbk.k-clients.com\/ro\/wp-json\/wp\/v2\/pages\/1537\/revisions\/1813"}],"wp:featuredmedia":[{"embeddable":true,"href":"https:\/\/mbk.k-clients.com\/ro\/wp-json\/wp\/v2\/media\/1938"}],"wp:attachment":[{"href":"https:\/\/mbk.k-clients.com\/ro\/wp-json\/wp\/v2\/media?parent=1537"}],"curies":[{"name":"wp","href":"https:\/\/api.w.org\/{rel}","templated":true}]}}