{"id":1591,"date":"2025-12-16T08:18:45","date_gmt":"2025-12-16T08:18:45","guid":{"rendered":"https:\/\/mbk.k-clients.com\/your-mercedes-journey-starts-here-tr\/"},"modified":"2026-03-31T12:45:25","modified_gmt":"2026-03-31T12:45:25","slug":"your-mercedes-journey-starts-here-tr","status":"publish","type":"page","link":"https:\/\/mbk.k-clients.com\/tr\/","title":{"rendered":"Mercedes yolculu\u011funuz burada ba\u015fl\u0131yor"},"content":{"rendered":"\n<section class=\"hero-listings block\">\n\t<div class=\"container\">\n\t\t<header class=\"hero-listings__header\">\n\t\t\t<h2 class=\"hero-listings__title\">Mercedes-Benz modelleri<\/h2>\n\t\t\t\t\t\t\t<p class=\"hero-listings__subtitle\">Modelleri ke\u015ffedin<\/p>\n\t\t\t\t\t<\/header>\n\n\t\t\t\t\t<div class=\"hero-listings__grid\">\n\t\t\t\t\t\t\t\t\t<article class=\"hero-listings__model\">\n\t\t\t\t\t\t\t\t\t\t\t\t\t<div class=\"hero-listings__model-image\">\n\t\t\t\t\t\t\t\t\t\t\t\t\t\t\t\t\t<img decoding=\"async\" src=\"https:\/\/mbk.k-clients.com\/wp-content\/uploads\/2026\/01\/image1-300x253.png\"\n\t\t\t\t\t\t\t\t\t     alt=\"EQE\"\n\t\t\t\t\t\t\t\t\t     loading=\"lazy\">\n\t\t\t\t\t\t\t\t\t\t\t\t\t\t\t<\/div>\n\t\t\t\t\t\t\n\t\t\t\t\t\t<div class=\"hero-listings__model-content\">\n\t\t\t\t\t\t\t<h3 class=\"hero-listings__model-name\">EQE<\/h3>\n\t\t\t\t\t\t\t<a href=\"https:\/\/mbk.k-clients.com\/tr\/search\/?model=eqe\"\n\t\t\t\t\t\t\t   class=\"hero-listings__model-link\">\n\t\t\t\t\t\t\t\tView Models\t\t\t\t\t\t\t<\/a>\n\t\t\t\t\t\t<\/div>\n\t\t\t\t\t<\/article>\n\t\t\t\t\t\t\t\t\t<article class=\"hero-listings__model\">\n\t\t\t\t\t\t\t\t\t\t\t\t\t<div class=\"hero-listings__model-image\">\n\t\t\t\t\t\t\t\t\t\t\t\t\t\t\t\t\t<img decoding=\"async\" src=\"https:\/\/mbk.k-clients.com\/wp-content\/uploads\/2026\/01\/image2-300x239.png\"\n\t\t\t\t\t\t\t\t\t     alt=\"CLA-CLASS\"\n\t\t\t\t\t\t\t\t\t     loading=\"lazy\">\n\t\t\t\t\t\t\t\t\t\t\t\t\t\t\t<\/div>\n\t\t\t\t\t\t\n\t\t\t\t\t\t<div class=\"hero-listings__model-content\">\n\t\t\t\t\t\t\t<h3 class=\"hero-listings__model-name\">CLA-CLASS<\/h3>\n\t\t\t\t\t\t\t<a href=\"https:\/\/mbk.k-clients.com\/tr\/search\/?model=cla-class\"\n\t\t\t\t\t\t\t   class=\"hero-listings__model-link\">\n\t\t\t\t\t\t\t\tView Models\t\t\t\t\t\t\t<\/a>\n\t\t\t\t\t\t<\/div>\n\t\t\t\t\t<\/article>\n\t\t\t\t\t\t\t\t\t<article class=\"hero-listings__model\">\n\t\t\t\t\t\t\t\t\t\t\t\t\t<div class=\"hero-listings__model-image\">\n\t\t\t\t\t\t\t\t\t\t\t\t\t\t\t\t\t<img decoding=\"async\" src=\"https:\/\/mbk.k-clients.com\/wp-content\/uploads\/2026\/01\/image3-300x234.png\"\n\t\t\t\t\t\t\t\t\t     alt=\"G-CLASS\"\n\t\t\t\t\t\t\t\t\t     loading=\"lazy\">\n\t\t\t\t\t\t\t\t\t\t\t\t\t\t\t<\/div>\n\t\t\t\t\t\t\n\t\t\t\t\t\t<div class=\"hero-listings__model-content\">\n\t\t\t\t\t\t\t<h3 class=\"hero-listings__model-name\">G-CLASS<\/h3>\n\t\t\t\t\t\t\t<a href=\"https:\/\/mbk.k-clients.com\/tr\/search\/?model=g-class\"\n\t\t\t\t\t\t\t   class=\"hero-listings__model-link\">\n\t\t\t\t\t\t\t\tView Models\t\t\t\t\t\t\t<\/a>\n\t\t\t\t\t\t<\/div>\n\t\t\t\t\t<\/article>\n\t\t\t\t\t\t\t\t\t<article class=\"hero-listings__model\">\n\t\t\t\t\t\t\t\t\t\t\t\t\t<div class=\"hero-listings__model-image\">\n\t\t\t\t\t\t\t\t\t\t\t\t\t\t\t\t\t<img decoding=\"async\" src=\"https:\/\/mbk.k-clients.com\/wp-content\/uploads\/2026\/01\/image4-300x220.png\"\n\t\t\t\t\t\t\t\t\t     alt=\"V-CLASS\"\n\t\t\t\t\t\t\t\t\t     loading=\"lazy\">\n\t\t\t\t\t\t\t\t\t\t\t\t\t\t\t<\/div>\n\t\t\t\t\t\t\n\t\t\t\t\t\t<div class=\"hero-listings__model-content\">\n\t\t\t\t\t\t\t<h3 class=\"hero-listings__model-name\">V-CLASS<\/h3>\n\t\t\t\t\t\t\t<a href=\"https:\/\/mbk.k-clients.com\/tr\/search\/?model=v-class\"\n\t\t\t\t\t\t\t   class=\"hero-listings__model-link\">\n\t\t\t\t\t\t\t\tView Models\t\t\t\t\t\t\t<\/a>\n\t\t\t\t\t\t<\/div>\n\t\t\t\t\t<\/article>\n\t\t\t\t\t\t\t\t\t<article class=\"hero-listings__model\">\n\t\t\t\t\t\t\t\t\t\t\t\t\t<div class=\"hero-listings__model-image\">\n\t\t\t\t\t\t\t\t\t\t\t\t\t\t\t\t\t<img decoding=\"async\" src=\"https:\/\/mbk.k-clients.com\/wp-content\/uploads\/2026\/01\/image5-286x300.png\"\n\t\t\t\t\t\t\t\t\t     alt=\"SL-CLASS\"\n\t\t\t\t\t\t\t\t\t     loading=\"lazy\">\n\t\t\t\t\t\t\t\t\t\t\t\t\t\t\t<\/div>\n\t\t\t\t\t\t\n\t\t\t\t\t\t<div class=\"hero-listings__model-content\">\n\t\t\t\t\t\t\t<h3 class=\"hero-listings__model-name\">SL-CLASS<\/h3>\n\t\t\t\t\t\t\t<a href=\"https:\/\/mbk.k-clients.com\/tr\/search\/?model=sl-class\"\n\t\t\t\t\t\t\t   class=\"hero-listings__model-link\">\n\t\t\t\t\t\t\t\tView Models\t\t\t\t\t\t\t<\/a>\n\t\t\t\t\t\t<\/div>\n\t\t\t\t\t<\/article>\n\t\t\t\t\t\t\t\t\t<article class=\"hero-listings__model\">\n\t\t\t\t\t\t\t\t\t\t\t\t\t<div class=\"hero-listings__model-image\">\n\t\t\t\t\t\t\t\t\t\t\t\t\t\t\t\t\t<img decoding=\"async\" src=\"https:\/\/mbk.k-clients.com\/wp-content\/uploads\/2026\/01\/image6-286x300.png\"\n\t\t\t\t\t\t\t\t\t     alt=\"A-CLASS\"\n\t\t\t\t\t\t\t\t\t     loading=\"lazy\">\n\t\t\t\t\t\t\t\t\t\t\t\t\t\t\t<\/div>\n\t\t\t\t\t\t\n\t\t\t\t\t\t<div class=\"hero-listings__model-content\">\n\t\t\t\t\t\t\t<h3 class=\"hero-listings__model-name\">A-CLASS<\/h3>\n\t\t\t\t\t\t\t<a href=\"https:\/\/mbk.k-clients.com\/tr\/search\/?model=a-class\"\n\t\t\t\t\t\t\t   class=\"hero-listings__model-link\">\n\t\t\t\t\t\t\t\tView Models\t\t\t\t\t\t\t<\/a>\n\t\t\t\t\t\t<\/div>\n\t\t\t\t\t<\/article>\n\t\t\t\t\t\t\t<\/div>\n\t\t\t<\/div>\n<\/section>\n\n\n<section class=\"recommendations block\">\n\t<div class=\"container\">\n\t\t<header class=\"recommendations__header\">\n\t\t\t<h2 class=\"recommendations__title\">\u00d6neriler<\/h2>\n\t\t\t\t\t\t\t<p class=\"recommendations__subtitle\">Sizin i\u00e7in en uygun Mercedes\u2019i bulun<\/p>\n\t\t\t\t\t<\/header>\n\n\t\t\t\t\t<div class=\"recommendations__grid\">\n\t\t\t\t\t\t\t\t\t\t\t\t\t\t\t<article class=\"recommendations__banner\">\n\t\t\t\t\t\t\t\t\t\t\t\t\t\t\t<div class=\"recommendations__banner-image\">\n\t\t\t\t\t\t\t\t\t\t\t\t\t\t\t\t\t\t\t<img decoding=\"async\" src=\"https:\/\/mbk.k-clients.com\/wp-content\/uploads\/2026\/01\/sug-image-300x104.png\"\n\t\t\t\t\t\t\t\t\t\t     alt=\"Tamamen yeni elektrikli G-Serisi\"\n\t\t\t\t\t\t\t\t\t\t     loading=\"lazy\">\n\t\t\t\t\t\t\t\t\t\t\t\t\t\t\t\t\t<\/div>\n\t\t\t\t\t\t\t\n\t\t\t\t\t\t\t<div class=\"recommendations__banner-content\">\n\t\t\t\t\t\t\t\t\t\t\t\t\t\t\t\t\t<span class=\"recommendations__banner-subtitle\">G-Serisi<\/span>\n\t\t\t\t\t\t\t\t\n\t\t\t\t\t\t\t\t<h3 class=\"recommendations__banner-title\">Tamamen yeni elektrikli G-Serisi<\/h3>\n\n\t\t\t\t\t\t\t\t\t\t\t\t\t\t\t\t\t<a href=\"http:\/\/search?model=g-class&#038;per_page=20&#038;page=1&#038;orderby=relevance\"\n\t\t\t\t\t\t\t\t\t   class=\"recommendations__banner-button\">\n\t\t\t\t\t\t\t\t\t\tKe\u015ffedin\t\t\t\t\t\t\t\t\t<\/a>\n\t\t\t\t\t\t\t\t\t\t\t\t\t\t\t<\/div>\n\t\t\t\t\t\t<\/article>\n\t\t\t\t\t\t\t\t\t\t\t\t\t\t\t\t\t\t\t\t<article class=\"recommendations__banner\">\n\t\t\t\t\t\t\t\t\t\t\t\t\t\t\t<div class=\"recommendations__banner-image\">\n\t\t\t\t\t\t\t\t\t\t\t\t\t\t\t\t\t\t\t<img decoding=\"async\" src=\"https:\/\/mbk.k-clients.com\/wp-content\/uploads\/2026\/01\/recomm-image-211x300.png\"\n\t\t\t\t\t\t\t\t\t\t     alt=\"Kampanyalar\"\n\t\t\t\t\t\t\t\t\t\t     loading=\"lazy\">\n\t\t\t\t\t\t\t\t\t\t\t\t\t\t\t\t\t<\/div>\n\t\t\t\t\t\t\t\n\t\t\t\t\t\t\t<div class=\"recommendations__banner-content\">\n\t\t\t\t\t\t\t\t\t\t\t\t\t\t\t\t\t<span class=\"recommendations__banner-subtitle\">En yeni ara\u00e7 kampanyalar\u0131m\u0131z\u0131 inceleyin<\/span>\n\t\t\t\t\t\t\t\t\n\t\t\t\t\t\t\t\t<h3 class=\"recommendations__banner-title\">Kampanyalar<\/h3>\n\n\t\t\t\t\t\t\t\t\t\t\t\t\t\t\t\t\t<a href=\"http:\/\/search?model=g-class&#038;per_page=20&#038;page=1&#038;orderby=relevance\"\n\t\t\t\t\t\t\t\t\t   class=\"recommendations__banner-button\">\n\t\t\t\t\t\t\t\t\t\tDaha fazla bilgi edinin\t\t\t\t\t\t\t\t\t<\/a>\n\t\t\t\t\t\t\t\t\t\t\t\t\t\t\t<\/div>\n\t\t\t\t\t\t<\/article>\n\t\t\t\t\t\t\t\t\t\t\t\t\t\t\t\t\t\t\t\t<article class=\"recommendations__banner\">\n\t\t\t\t\t\t\t\t\t\t\t\t\t\t\t<div class=\"recommendations__banner-image\">\n\t\t\t\t\t\t\t\t\t\t\t\t\t\t\t\t\t\t\t<img decoding=\"async\" src=\"https:\/\/mbk.k-clients.com\/wp-content\/uploads\/2026\/01\/rec-image2-300x199.png\"\n\t\t\t\t\t\t\t\t\t\t     alt=\"Yeni Mercedes-Benz V-Serisi\"\n\t\t\t\t\t\t\t\t\t\t     loading=\"lazy\">\n\t\t\t\t\t\t\t\t\t\t\t\t\t\t\t\t\t<\/div>\n\t\t\t\t\t\t\t\n\t\t\t\t\t\t\t<div class=\"recommendations__banner-content\">\n\t\t\t\t\t\t\t\t\t\t\t\t\t\t\t\t\t<span class=\"recommendations__banner-subtitle\">Merak uyand\u0131rmaya devam edin<\/span>\n\t\t\t\t\t\t\t\t\n\t\t\t\t\t\t\t\t<h3 class=\"recommendations__banner-title\">Yeni Mercedes-Benz V-Serisi<\/h3>\n\n\t\t\t\t\t\t\t\t\t\t\t\t\t\t\t\t\t<a href=\"http:\/\/search?model=g-class&#038;per_page=20&#038;page=1&#038;orderby=relevance\"\n\t\t\t\t\t\t\t\t\t   class=\"recommendations__banner-button\">\n\t\t\t\t\t\t\t\t\t\tDaha fazla bilgi edinin\t\t\t\t\t\t\t\t\t<\/a>\n\t\t\t\t\t\t\t\t\t\t\t\t\t\t\t<\/div>\n\t\t\t\t\t\t<\/article>\n\t\t\t\t\t\t\t\t\t\t\t\t\t\t\t\t\t\t\t\t<article class=\"recommendations__banner\">\n\t\t\t\t\t\t\t\t\t\t\t\t\t\t\t<div class=\"recommendations__banner-image\">\n\t\t\t\t\t\t\t\t\t\t\t\t\t\t\t\t\t\t\t<img decoding=\"async\" src=\"https:\/\/mbk.k-clients.com\/wp-content\/uploads\/2026\/01\/rec-image3-300x213.png\"\n\t\t\t\t\t\t\t\t\t\t     alt=\"\u00c7\u00fcnk\u00fc bu bir Mercedes-Benz\"\n\t\t\t\t\t\t\t\t\t\t     loading=\"lazy\">\n\t\t\t\t\t\t\t\t\t\t\t\t\t\t\t\t\t<\/div>\n\t\t\t\t\t\t\t\n\t\t\t\t\t\t\t<div class=\"recommendations__banner-content\">\n\t\t\t\t\t\t\t\t\t\t\t\t\t\t\t\t\t<span class=\"recommendations__banner-subtitle\">En yeni ara\u00e7 kampanyalar\u0131m\u0131z\u0131 inceleyin<\/span>\n\t\t\t\t\t\t\t\t\n\t\t\t\t\t\t\t\t<h3 class=\"recommendations__banner-title\">\u00c7\u00fcnk\u00fc bu bir Mercedes-Benz<\/h3>\n\n\t\t\t\t\t\t\t\t\t\t\t\t\t\t\t\t\t<a href=\"http:\/\/search?model=g-class&#038;per_page=20&#038;page=1&#038;orderby=relevance\"\n\t\t\t\t\t\t\t\t\t   class=\"recommendations__banner-button\">\n\t\t\t\t\t\t\t\t\t\tDaha fazla bilgi edinin\t\t\t\t\t\t\t\t\t<\/a>\n\t\t\t\t\t\t\t\t\t\t\t\t\t\t\t<\/div>\n\t\t\t\t\t\t<\/article>\n\t\t\t\t\t\t\t\t\t\t\t\t<\/div>\n\t\t\t<\/div>\n<\/section>\n\n\n<section class=\"vehicles-list block\">\n\t<div class=\"container\">\n\t\t<header class=\"vehicles-list__header\">\n\t\t\t<h2 class=\"vehicles-list__title\">\u00d6ne \u00e7\u0131kan Mercedes modelleri<\/h2>\n\t\t\t\t\t\t\t<p class=\"vehicles-list__subtitle\">En \u00e7ok aranan ara\u00e7lar<\/p>\n\t\t\t\t\t<\/header>\n\n\t\t\t\t\t<div class=\"vehicles-list__grid\">\n\t\t\t\t\t\t\t\t\t\t\t\t\t\t\t<article class=\"vehicles-list__vehicle\">\n\t\t\t\t\t\t\t\n\t\t\t\t\t\t\t<div class=\"vehicles-list__vehicle-content\">\n\t\t\t\t\t\t\t\t<h3 class=\"vehicles-list__vehicle-title\">MERCEDES-BENZ Sprinter 319 CDI Standard<\/h3>\n\n\t\t\t\t\t\t\t\t\n\t\t\t\t\t\t\t\t<div class=\"vehicles-list__vehicle-meta\">\n\t\t\t\t\t\t\t\t\t\n\t\t\t\t\t\t\t\t\t\t\t\t\t\t\t\t\t\t\t\t\t\t\t\t\t\t<span class=\"vehicles-list__vehicle-mileage\">100 km<\/span>\n\t\t\t\t\t\t\t\t\t\n\t\t\t\t\t\t\t\t\t\t\t\t\t\t\t\t\t<\/div>\n\n\t\t\t\t\t\t\t\t\t\t\t\t\t\t\t\t\t<a href=\"https:\/\/mbk.k-clients.com\/vehicle\/mercedes-benz-sprinter-319-cdi-standard\/\"\n\t\t\t\t\t\t\t\t\t   class=\"vehicles-list__vehicle-link\">\n\t\t\t\t\t\t\t\t\t\tView Details\t\t\t\t\t\t\t\t\t<\/a>\n\t\t\t\t\t\t\t\t\t\t\t\t\t\t\t<\/div>\n\t\t\t\t\t\t<\/article>\n\t\t\t\t\t\t\t\t\t\t\t\t\t\t\t\t\t\t\t\t<article class=\"vehicles-list__vehicle\">\n\t\t\t\t\t\t\t\n\t\t\t\t\t\t\t<div class=\"vehicles-list__vehicle-content\">\n\t\t\t\t\t\t\t\t<h3 class=\"vehicles-list__vehicle-title\">MERCEDES-BENZ G 400d 9G-Tronic<\/h3>\n\n\t\t\t\t\t\t\t\t\n\t\t\t\t\t\t\t\t<div class=\"vehicles-list__vehicle-meta\">\n\t\t\t\t\t\t\t\t\t\n\t\t\t\t\t\t\t\t\t\t\t\t\t\t\t\t\t\t\t\t\t\t\t\t\t\t<span class=\"vehicles-list__vehicle-mileage\">34,800 km<\/span>\n\t\t\t\t\t\t\t\t\t\n\t\t\t\t\t\t\t\t\t\t\t\t\t\t\t\t\t<\/div>\n\n\t\t\t\t\t\t\t\t\t\t\t\t\t\t\t\t\t<a href=\"https:\/\/mbk.k-clients.com\/vehicle\/mercedes-benz-g-400d-9g-tronic\/\"\n\t\t\t\t\t\t\t\t\t   class=\"vehicles-list__vehicle-link\">\n\t\t\t\t\t\t\t\t\t\tView Details\t\t\t\t\t\t\t\t\t<\/a>\n\t\t\t\t\t\t\t\t\t\t\t\t\t\t\t<\/div>\n\t\t\t\t\t\t<\/article>\n\t\t\t\t\t\t\t\t\t\t\t\t\t\t\t\t\t\t\t\t<article class=\"vehicles-list__vehicle\">\n\t\t\t\t\t\t\t\n\t\t\t\t\t\t\t<div class=\"vehicles-list__vehicle-content\">\n\t\t\t\t\t\t\t\t<h3 class=\"vehicles-list__vehicle-title\">MERCEDES-BENZ G 400d 9G-Tronic \u2605\u2605 Prix neuf : CHF 179&#8217;698.-\ud83d\udd2536 mois ou 100&#8217;000km garantie d\u00e8s la 1\u00e8re immat.\ud83d\udd25 Expertis\u00e9 \u2013 V\u00e9hicule Suisse \u2605\u2605<\/h3>\n\n\t\t\t\t\t\t\t\t\n\t\t\t\t\t\t\t\t<div class=\"vehicles-list__vehicle-meta\">\n\t\t\t\t\t\t\t\t\t\n\t\t\t\t\t\t\t\t\t\t\t\t\t\t\t\t\t\t\t\t\t\t\t\t\t\t<span class=\"vehicles-list__vehicle-mileage\">34,800 mi<\/span>\n\t\t\t\t\t\t\t\t\t\n\t\t\t\t\t\t\t\t\t\t\t\t\t\t\t\t\t<\/div>\n\n\t\t\t\t\t\t\t\t\t\t\t\t\t\t\t\t\t<a href=\"https:\/\/mbk.k-clients.com\/vehicle\/mercedes-benz-g-400d-9g-tronic-%e2%98%85%e2%98%85-prix-neuf-chf-179698-%f0%9f%94%a536-mois-ou-100000km-garantie-des-la-1ere-immat-%f0%9f%94%a5-expertise-vehicule-suisse-%e2%98%85\/\"\n\t\t\t\t\t\t\t\t\t   class=\"vehicles-list__vehicle-link\">\n\t\t\t\t\t\t\t\t\t\tView Details\t\t\t\t\t\t\t\t\t<\/a>\n\t\t\t\t\t\t\t\t\t\t\t\t\t\t\t<\/div>\n\t\t\t\t\t\t<\/article>\n\t\t\t\t\t\t\t\t\t\t\t\t\t\t\t\t\t\t\t\t<article class=\"vehicles-list__vehicle\">\n\t\t\t\t\t\t\t\n\t\t\t\t\t\t\t<div class=\"vehicles-list__vehicle-content\">\n\t\t\t\t\t\t\t\t<h3 class=\"vehicles-list__vehicle-title\">Mercedes-AMG GLE 53<\/h3>\n\n\t\t\t\t\t\t\t\t\n\t\t\t\t\t\t\t\t<div class=\"vehicles-list__vehicle-meta\">\n\t\t\t\t\t\t\t\t\t\n\t\t\t\t\t\t\t\t\t\t\t\t\t\t\t\t\t\t\t\t\t\t\t\t\t\t<span class=\"vehicles-list__vehicle-mileage\">22,000 km<\/span>\n\t\t\t\t\t\t\t\t\t\n\t\t\t\t\t\t\t\t\t\t\t\t\t\t\t\t\t<\/div>\n\n\t\t\t\t\t\t\t\t\t\t\t\t\t\t\t\t\t<a href=\"https:\/\/mbk.k-clients.com\/vehicle\/mercedes-amg-gle-53\/\"\n\t\t\t\t\t\t\t\t\t   class=\"vehicles-list__vehicle-link\">\n\t\t\t\t\t\t\t\t\t\tView Details\t\t\t\t\t\t\t\t\t<\/a>\n\t\t\t\t\t\t\t\t\t\t\t\t\t\t\t<\/div>\n\t\t\t\t\t\t<\/article>\n\t\t\t\t\t\t\t\t\t\t\t\t\t\t\t\t\t\t\t\t<article class=\"vehicles-list__vehicle\">\n\t\t\t\t\t\t\t\n\t\t\t\t\t\t\t<div class=\"vehicles-list__vehicle-content\">\n\t\t\t\t\t\t\t\t<h3 class=\"vehicles-list__vehicle-title\">Mercedes Benz Aurora<\/h3>\n\n\t\t\t\t\t\t\t\t\n\t\t\t\t\t\t\t\t<div class=\"vehicles-list__vehicle-meta\">\n\t\t\t\t\t\t\t\t\t\n\t\t\t\t\t\t\t\t\t\t\t\t\t\t\t\t\t\t\t\t\t\t\t\t\t\t<span class=\"vehicles-list__vehicle-mileage\">1,000 mi<\/span>\n\t\t\t\t\t\t\t\t\t\n\t\t\t\t\t\t\t\t\t\t\t\t\t\t\t\t\t<\/div>\n\n\t\t\t\t\t\t\t\t\t\t\t\t\t\t\t\t\t<a href=\"https:\/\/mbk.k-clients.com\/vehicle\/mercedes-benz-aurora\/\"\n\t\t\t\t\t\t\t\t\t   class=\"vehicles-list__vehicle-link\">\n\t\t\t\t\t\t\t\t\t\tView Details\t\t\t\t\t\t\t\t\t<\/a>\n\t\t\t\t\t\t\t\t\t\t\t\t\t\t\t<\/div>\n\t\t\t\t\t\t<\/article>\n\t\t\t\t\t\t\t\t\t\t\t\t\t\t\t\t\t\t\t\t<article class=\"vehicles-list__vehicle\">\n\t\t\t\t\t\t\t\n\t\t\t\t\t\t\t<div class=\"vehicles-list__vehicle-content\">\n\t\t\t\t\t\t\t\t<h3 class=\"vehicles-list__vehicle-title\">Stunning Mercedes-Benz E 220d AMG Line &#8211; Excellent Condition<\/h3>\n\n\t\t\t\t\t\t\t\t\n\t\t\t\t\t\t\t\t<div class=\"vehicles-list__vehicle-meta\">\n\t\t\t\t\t\t\t\t\t\n\t\t\t\t\t\t\t\t\t\t\t\t\t\t\t\t\t\t\t\t\t\t\t\t\t\t<span class=\"vehicles-list__vehicle-mileage\">145,000 km<\/span>\n\t\t\t\t\t\t\t\t\t\n\t\t\t\t\t\t\t\t\t\t\t\t\t\t\t\t\t<\/div>\n\n\t\t\t\t\t\t\t\t\t\t\t\t\t\t\t\t\t<a href=\"https:\/\/mbk.k-clients.com\/vehicle\/stunning-mercedes-benz-e-220d-amg-line-excellent-condition\/\"\n\t\t\t\t\t\t\t\t\t   class=\"vehicles-list__vehicle-link\">\n\t\t\t\t\t\t\t\t\t\tView Details\t\t\t\t\t\t\t\t\t<\/a>\n\t\t\t\t\t\t\t\t\t\t\t\t\t\t\t<\/div>\n\t\t\t\t\t\t<\/article>\n\t\t\t\t\t\t\t\t\t\t\t\t\t\t\t\t\t\t\t\t<article class=\"vehicles-list__vehicle\">\n\t\t\t\t\t\t\t\n\t\t\t\t\t\t\t<div class=\"vehicles-list__vehicle-content\">\n\t\t\t\t\t\t\t\t<h3 class=\"vehicles-list__vehicle-title\">Mercedes E220<\/h3>\n\n\t\t\t\t\t\t\t\t\n\t\t\t\t\t\t\t\t<div class=\"vehicles-list__vehicle-meta\">\n\t\t\t\t\t\t\t\t\t\n\t\t\t\t\t\t\t\t\t\t\t\t\t\t\t\t\t\t\t\t\t\t\t\t\t\t<span class=\"vehicles-list__vehicle-mileage\">123,123 km<\/span>\n\t\t\t\t\t\t\t\t\t\n\t\t\t\t\t\t\t\t\t\t\t\t\t\t\t\t\t<\/div>\n\n\t\t\t\t\t\t\t\t\t\t\t\t\t\t\t\t\t<a href=\"https:\/\/mbk.k-clients.com\/vehicle\/mercedes-e220-2\/\"\n\t\t\t\t\t\t\t\t\t   class=\"vehicles-list__vehicle-link\">\n\t\t\t\t\t\t\t\t\t\tView Details\t\t\t\t\t\t\t\t\t<\/a>\n\t\t\t\t\t\t\t\t\t\t\t\t\t\t\t<\/div>\n\t\t\t\t\t\t<\/article>\n\t\t\t\t\t\t\t\t\t\t\t\t\t\t\t\t\t\t\t\t<article class=\"vehicles-list__vehicle\">\n\t\t\t\t\t\t\t\n\t\t\t\t\t\t\t<div class=\"vehicles-list__vehicle-content\">\n\t\t\t\t\t\t\t\t<h3 class=\"vehicles-list__vehicle-title\">Mercedes S400d L<\/h3>\n\n\t\t\t\t\t\t\t\t\n\t\t\t\t\t\t\t\t<div class=\"vehicles-list__vehicle-meta\">\n\t\t\t\t\t\t\t\t\t\n\t\t\t\t\t\t\t\t\t\t\t\t\t\t\t\t\t\t\t\t\t\t\t\t\t\t<span class=\"vehicles-list__vehicle-mileage\">100,000 km<\/span>\n\t\t\t\t\t\t\t\t\t\n\t\t\t\t\t\t\t\t\t\t\t\t\t\t\t\t\t<\/div>\n\n\t\t\t\t\t\t\t\t\t\t\t\t\t\t\t\t\t<a href=\"https:\/\/mbk.k-clients.com\/vehicle\/mercedes-s400d-l\/\"\n\t\t\t\t\t\t\t\t\t   class=\"vehicles-list__vehicle-link\">\n\t\t\t\t\t\t\t\t\t\tView Details\t\t\t\t\t\t\t\t\t<\/a>\n\t\t\t\t\t\t\t\t\t\t\t\t\t\t\t<\/div>\n\t\t\t\t\t\t<\/article>\n\t\t\t\t\t\t\t\t\t\t\t\t\t\t\t\t\t\t\t\t<article class=\"vehicles-list__vehicle\">\n\t\t\t\t\t\t\t\n\t\t\t\t\t\t\t<div class=\"vehicles-list__vehicle-content\">\n\t\t\t\t\t\t\t\t<h3 class=\"vehicles-list__vehicle-title\">Mercedes Benz GLE<\/h3>\n\n\t\t\t\t\t\t\t\t\n\t\t\t\t\t\t\t\t<div class=\"vehicles-list__vehicle-meta\">\n\t\t\t\t\t\t\t\t\t\n\t\t\t\t\t\t\t\t\t\t\t\t\t\t\t\t\t\t\t\t\t\t\t\t\t\t<span class=\"vehicles-list__vehicle-mileage\">2,333 km<\/span>\n\t\t\t\t\t\t\t\t\t\n\t\t\t\t\t\t\t\t\t\t\t\t\t\t\t\t\t<\/div>\n\n\t\t\t\t\t\t\t\t\t\t\t\t\t\t\t\t\t<a href=\"https:\/\/mbk.k-clients.com\/vehicle\/mercedes-benz-gle\/\"\n\t\t\t\t\t\t\t\t\t   class=\"vehicles-list__vehicle-link\">\n\t\t\t\t\t\t\t\t\t\tView Details\t\t\t\t\t\t\t\t\t<\/a>\n\t\t\t\t\t\t\t\t\t\t\t\t\t\t\t<\/div>\n\t\t\t\t\t\t<\/article>\n\t\t\t\t\t\t\t\t\t\t\t\t\t\t\t\t\t\t\t\t<article class=\"vehicles-list__vehicle\">\n\t\t\t\t\t\t\t\n\t\t\t\t\t\t\t<div class=\"vehicles-list__vehicle-content\">\n\t\t\t\t\t\t\t\t<h3 class=\"vehicles-list__vehicle-title\">Mercedes Benz<\/h3>\n\n\t\t\t\t\t\t\t\t\n\t\t\t\t\t\t\t\t<div class=\"vehicles-list__vehicle-meta\">\n\t\t\t\t\t\t\t\t\t\n\t\t\t\t\t\t\t\t\t\t\t\t\t\t\t\t\t\t\t\t\t\t\t\t\t\t<span class=\"vehicles-list__vehicle-mileage\">4,000 km<\/span>\n\t\t\t\t\t\t\t\t\t\n\t\t\t\t\t\t\t\t\t\t\t\t\t\t\t\t\t<\/div>\n\n\t\t\t\t\t\t\t\t\t\t\t\t\t\t\t\t\t<a href=\"https:\/\/mbk.k-clients.com\/vehicle\/mercedes-benz\/\"\n\t\t\t\t\t\t\t\t\t   class=\"vehicles-list__vehicle-link\">\n\t\t\t\t\t\t\t\t\t\tView Details\t\t\t\t\t\t\t\t\t<\/a>\n\t\t\t\t\t\t\t\t\t\t\t\t\t\t\t<\/div>\n\t\t\t\t\t\t<\/article>\n\t\t\t\t\t\t\t\t\t\t\t\t<\/div>\n\t\t\t<\/div>\n<\/section>\n\n\n<section class=\"buy-sell-section block\">\n\t<div class=\"container\">\n\t\t\t\t\t<div class=\"buy-sell-section__grid\">\n\t\t\t\t\t\t\t\t\t\t\t\t\t\t\t<article class=\"buy-sell-section__group\">\n\t\t\t\t\t\t\t<h2 class=\"buy-sell-section__group-title\">Sat<\/h2>\n\n\t\t\t\t\t\t\t\t\t\t\t\t\t\t\t<div class=\"buy-sell-section__group-content\">\n\t\t\t\t\t\t\t\t\t<p>M\u00fc\u015fterilerimize \u00fcst\u00fcn hizmet sunmaya kararl\u0131y\u0131z<\/p>\n\t\t\t\t\t\t\t\t<\/div>\n\t\t\t\t\t\t\t\n\t\t\t\t\t\t\t\t\t\t\t\t\t\t\t<a href=\"http:\/\/sell\"\n\t\t\t\t\t\t\t\t   class=\"buy-sell-section__group-button\">\n\t\t\t\t\t\t\t\t\tBa\u015flay\u0131n\t\t\t\t\t\t\t\t<\/a>\n\t\t\t\t\t\t\t\t\t\t\t\t\t<\/article>\n\t\t\t\t\t\t\t\t\t\t\t\t\t\t\t\t\t\t\t\t<article class=\"buy-sell-section__group\">\n\t\t\t\t\t\t\t<h2 class=\"buy-sell-section__group-title\">Sat\u0131n al<\/h2>\n\n\t\t\t\t\t\t\t\t\t\t\t\t\t\t\t<div class=\"buy-sell-section__group-content\">\n\t\t\t\t\t\t\t\t\t<p>M\u00fc\u015fterilerimize \u00fcst\u00fcn hizmet sunmaya kararl\u0131y\u0131z<\/p>\n\t\t\t\t\t\t\t\t<\/div>\n\t\t\t\t\t\t\t\n\t\t\t\t\t\t\t\t\t\t\t\t\t\t\t<a href=\"http:\/\/search?per_page=10&#038;page=1&#038;featured_only=true&#038;orderby=date_desc\"\n\t\t\t\t\t\t\t\t   class=\"buy-sell-section__group-button\">\n\t\t\t\t\t\t\t\t\tBa\u015flay\u0131n\t\t\t\t\t\t\t\t<\/a>\n\t\t\t\t\t\t\t\t\t\t\t\t\t<\/article>\n\t\t\t\t\t\t\t\t\t\t\t\t<\/div>\n\t\t\t<\/div>\n<\/section>\n\n\n<h3 class=\"wp-block-heading\">Hayalinizdeki Mercedes\u2019i bulun<\/h3>\n\n\n\n<p>Do\u011frulanm\u0131\u015f bayilerden ve bireysel sat\u0131c\u0131lardan premium Mercedes-Benz ara\u00e7lar\u0131 ke\u015ffedin Her ara\u00e7 titizlikle kontrol edilir ve detayl\u0131 ge\u00e7mi\u015f bilgileriyle sunulur. Hemen ke\u015ffedin<\/p>\n\n\n\n<h3 class=\"wp-block-heading\">Hayalinizdeki Mercedes\u2019i bulun<\/h3>\n\n\n\n<p>Do\u011frulanm\u0131\u015f bayilerden ve bireysel sat\u0131c\u0131lardan premium Mercedes-Benz ara\u00e7lar\u0131 ke\u015ffedin Her ara\u00e7 titizlikle kontrol edilir ve detayl\u0131 ge\u00e7mi\u015f bilgileriyle sunulur<\/p>\n\n\n\n<p>Hemen ke\u015ffedin<\/p>\n\n\n\n<p><\/p>\n","protected":false},"excerpt":{"rendered":"<p>Hayalinizdeki Mercedes\u2019i bulun Do\u011frulanm\u0131\u015f bayilerden ve bireysel sat\u0131c\u0131lardan premium Mercedes-Benz ara\u00e7lar\u0131 ke\u015ffedin Her ara\u00e7 titizlikle kontrol edilir ve detayl\u0131 ge\u00e7mi\u015f bilgileriyle sunulur. Hemen ke\u015ffedin Hayalinizdeki Mercedes\u2019i bulun Do\u011frulanm\u0131\u015f bayilerden ve bireysel sat\u0131c\u0131lardan premium Mercedes-Benz ara\u00e7lar\u0131 ke\u015ffedin Her ara\u00e7 titizlikle kontrol edilir ve detayl\u0131 ge\u00e7mi\u015f bilgileriyle sunulur Hemen ke\u015ffedin<\/p>\n","protected":false},"author":1,"featured_media":1941,"parent":0,"menu_order":0,"comment_status":"closed","ping_status":"closed","template":"","meta":{"_acf_changed":false,"footnotes":""},"class_list":["post-1591","page","type-page","status-publish","has-post-thumbnail","hentry"],"acf":[],"_links":{"self":[{"href":"https:\/\/mbk.k-clients.com\/tr\/wp-json\/wp\/v2\/pages\/1591","targetHints":{"allow":["GET"]}}],"collection":[{"href":"https:\/\/mbk.k-clients.com\/tr\/wp-json\/wp\/v2\/pages"}],"about":[{"href":"https:\/\/mbk.k-clients.com\/tr\/wp-json\/wp\/v2\/types\/page"}],"author":[{"embeddable":true,"href":"https:\/\/mbk.k-clients.com\/tr\/wp-json\/wp\/v2\/users\/1"}],"replies":[{"embeddable":true,"href":"https:\/\/mbk.k-clients.com\/tr\/wp-json\/wp\/v2\/comments?post=1591"}],"version-history":[{"count":5,"href":"https:\/\/mbk.k-clients.com\/tr\/wp-json\/wp\/v2\/pages\/1591\/revisions"}],"predecessor-version":[{"id":1817,"href":"https:\/\/mbk.k-clients.com\/tr\/wp-json\/wp\/v2\/pages\/1591\/revisions\/1817"}],"wp:featuredmedia":[{"embeddable":true,"href":"https:\/\/mbk.k-clients.com\/tr\/wp-json\/wp\/v2\/media\/1941"}],"wp:attachment":[{"href":"https:\/\/mbk.k-clients.com\/tr\/wp-json\/wp\/v2\/media?parent=1591"}],"curies":[{"name":"wp","href":"https:\/\/api.w.org\/{rel}","templated":true}]}}